{"id":2192,"date":"2025-05-04T15:05:00","date_gmt":"2025-05-04T21:05:00","guid":{"rendered":"https:\/\/yokue.net\/?post_type=product&#038;p=2192"},"modified":"2025-05-04T16:31:05","modified_gmt":"2025-05-04T22:31:05","slug":"paseo-por-rio","status":"publish","type":"product","link":"https:\/\/yokue.net\/en\/booknow\/paseo-por-rio\/","title":{"rendered":"Paseo por R\u00edo"},"content":{"rendered":"<p>Paseo por el R\u00edo &#8211; Miradores &#8211; Catarata:<br \/>\nDuraci\u00f3n estimada: 2 horas<br \/>\nHoras de salida: 12:00 m y 03:00 pm<\/p>\n<ul>\n<li>Ni\u00f1os entre 07 a 12 a\u00f1os<\/li>\n<li>Adultos 13 a\u00f1os en adelante<\/li>\n<li>La edad m\u00ednima requerida para conducir un cuadriciclo solo es de 16 a\u00f1os<\/li>\n<\/ul>\n<p>Las instalaciones est\u00e1n rodeadas de una exquisita naturaleza donde los visitan tes podr\u00e1n admirar el lugar antes y despu\u00e9s del paseo.<\/p>\n<p><strong>El paseo incluye<\/strong>:<\/p>\n<p>&#8211; Cuadriciclos completamente guiado por 2 gu\u00edas.<br \/>\n&#8211; Cuadriciclos semi-autom\u00e1ticos marca Honda en excelente estado de mantenimiento.<br \/>\n&#8211; Charla t\u00e9cnica para el uso de los cuadriciclo.<br \/>\n&#8211; Equipo de seguridad.<br \/>\n&#8211; P\u00f3liza de accidentes.<br \/>\n&#8211; Fotos y videos.<br \/>\n&#8211; Hidrataci\u00f3n y bocadillos<\/p>\n<p><strong>Recomendaciones<\/strong>:<\/p>\n<p>\u2013 Se debe llegar a Caba\u00f1a Victoria 30 minutos antes de la hora de salida del paseo.<br \/>\n\u2013 \u2060Usar zapatos cerrados.<br \/>\n\u2013 \u2060Usar ropa muy c\u00f3moda.<br \/>\n\u2013 \u2060Usar una jacket tipo corta viento.<br \/>\n\u2013 \u2060Usar protector solar.<br \/>\n\u2013 \u2060Traer cambio de ropa adicional en caso de que se necesite.<br \/>\n\u2013 \u2060En las instalaciones se cuenta con ba\u00f1o y servicio sanitario para cambiarse o ba\u00f1arse.<\/p>","protected":false},"excerpt":{"rendered":"<p>Incre\u00edble paseo en cuadriciclo con inigualable vista de la monta\u00f1a, se puede experimentar el terreno de Costa Rica explorando libremente a todo lo largo del sendero a una altura de 1.440 msnm.<\/p>\n<p>M\u00ednimo de personas por paseo:\u00a0 02.<\/p>\n<p>M\u00e1ximo de personas por paseo:\u00a0 20.<\/p>\n<p>Los horarios de reserva disponible para este paseo son a las 12:00 m y 03_00 p.m.<\/p>","protected":false},"featured_media":2196,"template":"","meta":[],"product_cat":[16,19,17],"product_tag":[],"class_list":{"0":"post-2192","1":"product","2":"type-product","3":"status-publish","4":"has-post-thumbnail","6":"product_cat-destinos-de-turismo-en-costa-rica","7":"product_cat-tours-aventura","8":"product_cat-turismo","10":"first","11":"instock","12":"virtual","13":"sold-individually","14":"taxable","15":"purchasable","16":"product-type-booking"},"_links":{"self":[{"href":"https:\/\/yokue.net\/en\/wp-json\/wp\/v2\/product\/2192"}],"collection":[{"href":"https:\/\/yokue.net\/en\/wp-json\/wp\/v2\/product"}],"about":[{"href":"https:\/\/yokue.net\/en\/wp-json\/wp\/v2\/types\/product"}],"wp:featuredmedia":[{"embeddable":true,"href":"https:\/\/yokue.net\/en\/wp-json\/wp\/v2\/media\/2196"}],"wp:attachment":[{"href":"https:\/\/yokue.net\/en\/wp-json\/wp\/v2\/media?parent=2192"}],"wp:term":[{"taxonomy":"product_cat","embeddable":true,"href":"https:\/\/yokue.net\/en\/wp-json\/wp\/v2\/product_cat?post=2192"},{"taxonomy":"product_tag","embeddable":true,"href":"https:\/\/yokue.net\/en\/wp-json\/wp\/v2\/product_tag?post=2192"}],"curies":[{"name":"wp","href":"https:\/\/api.w.org\/{rel}","templated":true}]}}