{"id":2076,"date":"2025-03-29T18:18:48","date_gmt":"2025-03-30T00:18:48","guid":{"rendered":"https:\/\/yokue.net\/?post_type=product&#038;p=2076"},"modified":"2025-03-29T18:38:25","modified_gmt":"2025-03-30T00:38:25","slug":"habitacion-junior-suite","status":"publish","type":"product","link":"https:\/\/yokue.net\/en\/booknow\/habitacion-junior-suite\/","title":{"rendered":"Habitaci\u00f3n Junior Suite"},"content":{"rendered":"<p style=\"text-align: justify;\">Las 3 habitaciones Junior Suite del Sangregado Lodge cuentan con una cama tipo King. Sum\u00e9rgete en el lujo en cada una de las junior suites de selva tropical, discretamente separadas para mayor privacidad. Las ventanas del piso al techo revelan una vista panor\u00e1mica del volc\u00e1n Arenal. Amanacer en una cama king, cocina y un ba\u00f1o completo con una c\u00f3moda ducha con vistas al volc\u00e1n. Disfrute de un relajante balc\u00f3n con hamaca, aire acondicionado y comodidades como mini refrigerador, cafetera y minibar surtido. Complete su experiencia con TV digital e Internet de alta velocidad, creando una combinaci\u00f3n perfecta de comodidad y belleza natural.<\/p>","protected":false},"excerpt":{"rendered":"<p>Hora de Ingreso: 03:00 p.m. Hora de salida: 11:00 a.m.<\/p>\n<p>Incluye<\/p>\n<ul>\n<li>Desayuno<\/li>\n<li>Ocupaci\u00f3n m\u00e1xima por habitaci\u00f3n: 2 personas.<\/li>\n<\/ul>","protected":false},"featured_media":2081,"template":"","meta":[],"product_cat":[21,28,22],"product_tag":[],"class_list":{"0":"post-2076","1":"product","2":"type-product","3":"status-publish","4":"has-post-thumbnail","6":"product_cat-hospedaje","7":"product_cat-hospedaje-alajuela","8":"product_cat-hospedaje-montana","10":"first","11":"instock","12":"virtual","13":"sold-individually","14":"taxable","15":"purchasable","16":"product-type-booking"},"_links":{"self":[{"href":"https:\/\/yokue.net\/en\/wp-json\/wp\/v2\/product\/2076"}],"collection":[{"href":"https:\/\/yokue.net\/en\/wp-json\/wp\/v2\/product"}],"about":[{"href":"https:\/\/yokue.net\/en\/wp-json\/wp\/v2\/types\/product"}],"wp:featuredmedia":[{"embeddable":true,"href":"https:\/\/yokue.net\/en\/wp-json\/wp\/v2\/media\/2081"}],"wp:attachment":[{"href":"https:\/\/yokue.net\/en\/wp-json\/wp\/v2\/media?parent=2076"}],"wp:term":[{"taxonomy":"product_cat","embeddable":true,"href":"https:\/\/yokue.net\/en\/wp-json\/wp\/v2\/product_cat?post=2076"},{"taxonomy":"product_tag","embeddable":true,"href":"https:\/\/yokue.net\/en\/wp-json\/wp\/v2\/product_tag?post=2076"}],"curies":[{"name":"wp","href":"https:\/\/api.w.org\/{rel}","templated":true}]}}