{"id":2066,"date":"2025-03-29T17:03:52","date_gmt":"2025-03-29T23:03:52","guid":{"rendered":"https:\/\/yokue.net\/?post_type=product&#038;p=2066"},"modified":"2025-03-29T18:39:23","modified_gmt":"2025-03-30T00:39:23","slug":"habitacion-estandar-4","status":"publish","type":"product","link":"https:\/\/yokue.net\/en\/booknow\/habitacion-estandar-4\/","title":{"rendered":"Habitaci\u00f3n Est\u00e1ndar"},"content":{"rendered":"<p style=\"text-align: justify;\">Las 4 habitaciones est\u00e1ndar del Sangregado Lodge cuentan con dos camas tipo Queen. Ubicadas en la selva tropical, ofrecen un escape sereno con ventanas de piso a techo que enmarcan vistas panor\u00e1micas del Volc\u00e1n Arenal. Cada unidad, discretamente separada, cuenta con un ba\u00f1o con ba\u00f1era o ducha con vista al volc\u00e1n, aire acondicionado y un relajante balc\u00f3n adornado con una hamaca. Disfrute de comodidades como un mini refrigerador, cafetera, minibar completamente abastecido, TV digital e Internet de alta velocidad, creando un refugio c\u00f3modo en la naturaleza.<\/p>","protected":false},"excerpt":{"rendered":"<p>Hora de Ingreso: 03:00 p.m. Hora de salida: 11:00 a.m.<\/p>\n<p>Incluye<\/p>\n<ul>\n<li>Desayuno<\/li>\n<li>Ocupaci\u00f3n m\u00e1xima por habitaci\u00f3n: 4 personas.<\/li>\n<\/ul>","protected":false},"featured_media":2071,"template":"","meta":[],"product_cat":[21,28,22],"product_tag":[],"class_list":{"0":"post-2066","1":"product","2":"type-product","3":"status-publish","4":"has-post-thumbnail","6":"product_cat-hospedaje","7":"product_cat-hospedaje-alajuela","8":"product_cat-hospedaje-montana","10":"first","11":"instock","12":"virtual","13":"sold-individually","14":"taxable","15":"purchasable","16":"product-type-booking"},"_links":{"self":[{"href":"https:\/\/yokue.net\/en\/wp-json\/wp\/v2\/product\/2066"}],"collection":[{"href":"https:\/\/yokue.net\/en\/wp-json\/wp\/v2\/product"}],"about":[{"href":"https:\/\/yokue.net\/en\/wp-json\/wp\/v2\/types\/product"}],"wp:featuredmedia":[{"embeddable":true,"href":"https:\/\/yokue.net\/en\/wp-json\/wp\/v2\/media\/2071"}],"wp:attachment":[{"href":"https:\/\/yokue.net\/en\/wp-json\/wp\/v2\/media?parent=2066"}],"wp:term":[{"taxonomy":"product_cat","embeddable":true,"href":"https:\/\/yokue.net\/en\/wp-json\/wp\/v2\/product_cat?post=2066"},{"taxonomy":"product_tag","embeddable":true,"href":"https:\/\/yokue.net\/en\/wp-json\/wp\/v2\/product_tag?post=2066"}],"curies":[{"name":"wp","href":"https:\/\/api.w.org\/{rel}","templated":true}]}}