{"id":1966,"date":"2025-03-23T11:51:26","date_gmt":"2025-03-23T17:51:26","guid":{"rendered":"https:\/\/yokue.net\/?post_type=product&#038;p=1966"},"modified":"2025-03-23T13:23:07","modified_gmt":"2025-03-23T19:23:07","slug":"bungalow-vista-al-jardin","status":"publish","type":"product","link":"https:\/\/yokue.net\/en\/booknow\/bungalow-vista-al-jardin\/","title":{"rendered":"Bungalow vista al jard\u00edn"},"content":{"rendered":"<p style=\"text-align: justify;\">Cada uno de los 8 bungalows con vista al jard\u00edn cuentan con dos camas matrimoniales, equipados con escritorio, micro hondas, ba\u00f1o privado separado de la ducha, abanico, coffe maker, TV por cable, secador de pelo, armario y aire acondicionado.<\/p>\n<p style=\"text-align: justify;\">Incluye:<\/p>\n<ul>\n<li>Jab\u00f3n de manos y cuerpo<\/li>\n<li>Champ\u00fa<\/li>\n<li>Acondicionador<\/li>\n<li>Toallas de ba\u00f1o<\/li>\n<\/ul>","protected":false},"excerpt":{"rendered":"<p>Hora de Ingreso: 03:00 p.m. Hora de salida: 12:00 m.<\/p>\n<p>Incluye<\/p>\n<ul>\n<li>Desayuno (Restaurante Desayuno Buffet de 7:00am \u2013 9:30am)<\/li>\n<li>Piscina abierta de 8:00 a.m. a 8:00 p.m.<\/li>\n<li>Ocupaci\u00f3n m\u00e1xima por habitaci\u00f3n 4 personas<\/li>\n<\/ul>","protected":false},"featured_media":1970,"template":"","meta":[],"product_cat":[21,28],"product_tag":[],"class_list":{"0":"post-1966","1":"product","2":"type-product","3":"status-publish","4":"has-post-thumbnail","6":"product_cat-hospedaje","7":"product_cat-hospedaje-alajuela","9":"first","10":"instock","11":"virtual","12":"sold-individually","13":"taxable","14":"purchasable","15":"product-type-booking"},"_links":{"self":[{"href":"https:\/\/yokue.net\/en\/wp-json\/wp\/v2\/product\/1966"}],"collection":[{"href":"https:\/\/yokue.net\/en\/wp-json\/wp\/v2\/product"}],"about":[{"href":"https:\/\/yokue.net\/en\/wp-json\/wp\/v2\/types\/product"}],"wp:featuredmedia":[{"embeddable":true,"href":"https:\/\/yokue.net\/en\/wp-json\/wp\/v2\/media\/1970"}],"wp:attachment":[{"href":"https:\/\/yokue.net\/en\/wp-json\/wp\/v2\/media?parent=1966"}],"wp:term":[{"taxonomy":"product_cat","embeddable":true,"href":"https:\/\/yokue.net\/en\/wp-json\/wp\/v2\/product_cat?post=1966"},{"taxonomy":"product_tag","embeddable":true,"href":"https:\/\/yokue.net\/en\/wp-json\/wp\/v2\/product_tag?post=1966"}],"curies":[{"name":"wp","href":"https:\/\/api.w.org\/{rel}","templated":true}]}}