{"id":1886,"date":"2025-03-08T13:14:30","date_gmt":"2025-03-08T19:14:30","guid":{"rendered":"https:\/\/yokue.net\/?post_type=product&#038;p=1886"},"modified":"2025-03-16T20:00:29","modified_gmt":"2025-03-17T02:00:29","slug":"habitacion-superior-3","status":"publish","type":"product","link":"https:\/\/yokue.net\/en\/booknow\/habitacion-superior-3\/","title":{"rendered":"Habitaci\u00f3n Superior"},"content":{"rendered":"<p style=\"text-align: justify;\">La habitaci\u00f3n superior cuenta con dos camas tipo Queen. Puede seleccionar este tipo de habitaci\u00f3n ya sea con balc\u00f3n o terraza con vista al jard\u00edn o con vista a la piscina. Adem\u00e1s, cada una de las 20 habitaciones superior cuenta con ba\u00f1o privado con ducha, aire acondicionado, pantalla con cable, secador de pelo, botella con agua fr\u00eda, m\u00e1quina de caf\u00e9 y armario.<\/p>\n<p>Incluye:<\/p>\n<ul>\n<li>Jab\u00f3n de manos y cuerpo<\/li>\n<li>Champ\u00fa<\/li>\n<li>Acondicionador<\/li>\n<li>Toallas de ba\u00f1o<\/li>\n<\/ul>","protected":false},"excerpt":{"rendered":"<p>Hora de Ingreso: 03:00 p.m. Hora de salida: 12:00 m.<\/p>\n<p>Incluye<\/p>\n<ul>\n<li>Desayuno (Restaurante Desayuno Buffet de 7:00am \u2013 9:30am)<\/li>\n<li>Piscina abierta de 8:00 a.m. a 8:00 p.m<\/li>\n<\/ul>","protected":false},"featured_media":1893,"template":"","meta":[],"product_cat":[21,28],"product_tag":[],"class_list":{"0":"post-1886","1":"product","2":"type-product","3":"status-publish","4":"has-post-thumbnail","6":"product_cat-hospedaje","7":"product_cat-hospedaje-alajuela","9":"first","10":"instock","11":"virtual","12":"sold-individually","13":"taxable","14":"purchasable","15":"product-type-booking"},"_links":{"self":[{"href":"https:\/\/yokue.net\/en\/wp-json\/wp\/v2\/product\/1886"}],"collection":[{"href":"https:\/\/yokue.net\/en\/wp-json\/wp\/v2\/product"}],"about":[{"href":"https:\/\/yokue.net\/en\/wp-json\/wp\/v2\/types\/product"}],"wp:featuredmedia":[{"embeddable":true,"href":"https:\/\/yokue.net\/en\/wp-json\/wp\/v2\/media\/1893"}],"wp:attachment":[{"href":"https:\/\/yokue.net\/en\/wp-json\/wp\/v2\/media?parent=1886"}],"wp:term":[{"taxonomy":"product_cat","embeddable":true,"href":"https:\/\/yokue.net\/en\/wp-json\/wp\/v2\/product_cat?post=1886"},{"taxonomy":"product_tag","embeddable":true,"href":"https:\/\/yokue.net\/en\/wp-json\/wp\/v2\/product_tag?post=1886"}],"curies":[{"name":"wp","href":"https:\/\/api.w.org\/{rel}","templated":true}]}}