{"id":1838,"date":"2025-02-08T15:28:25","date_gmt":"2025-02-08T21:28:25","guid":{"rendered":"https:\/\/yokue.net\/?post_type=product&#038;p=1838"},"modified":"2025-02-22T12:35:56","modified_gmt":"2025-02-22T18:35:56","slug":"habitacion-familiar","status":"publish","type":"product","link":"https:\/\/yokue.net\/en\/booknow\/habitacion-familiar\/","title":{"rendered":"Habitaci\u00f3n Familiar"},"content":{"rendered":"<p style=\"text-align: justify;\">La habitaci\u00f3n superior cuenta con una cama tipo king. Cerca de las instalaciones, se podr\u00e1 encontrar servicios tales como cajero autom\u00e1tico, minis\u00faper, centro m\u00e9dico y otros.<\/p>\n<p>Incluye:<\/p>\n<ul>\n<li>Desayuno<\/li>\n<li>WiFi<\/li>\n<li>Parqueo Privado<\/li>\n<\/ul>","protected":false},"excerpt":{"rendered":"<p>Hora de Ingreso: 02:00 p.m. Hora de salida: 12:00 m.<\/p>\n<p>Incluye<\/p>\n<ul>\n<li>Desayuno incluido.<\/li>\n<\/ul>","protected":false},"featured_media":1844,"template":"","meta":[],"product_cat":[21,28],"product_tag":[],"class_list":{"0":"post-1838","1":"product","2":"type-product","3":"status-publish","4":"has-post-thumbnail","6":"product_cat-hospedaje","7":"product_cat-hospedaje-alajuela","9":"first","10":"instock","11":"virtual","12":"sold-individually","13":"taxable","14":"purchasable","15":"product-type-booking"},"_links":{"self":[{"href":"https:\/\/yokue.net\/en\/wp-json\/wp\/v2\/product\/1838"}],"collection":[{"href":"https:\/\/yokue.net\/en\/wp-json\/wp\/v2\/product"}],"about":[{"href":"https:\/\/yokue.net\/en\/wp-json\/wp\/v2\/types\/product"}],"wp:featuredmedia":[{"embeddable":true,"href":"https:\/\/yokue.net\/en\/wp-json\/wp\/v2\/media\/1844"}],"wp:attachment":[{"href":"https:\/\/yokue.net\/en\/wp-json\/wp\/v2\/media?parent=1838"}],"wp:term":[{"taxonomy":"product_cat","embeddable":true,"href":"https:\/\/yokue.net\/en\/wp-json\/wp\/v2\/product_cat?post=1838"},{"taxonomy":"product_tag","embeddable":true,"href":"https:\/\/yokue.net\/en\/wp-json\/wp\/v2\/product_tag?post=1838"}],"curies":[{"name":"wp","href":"https:\/\/api.w.org\/{rel}","templated":true}]}}