{"id":1764,"date":"2025-02-01T11:20:11","date_gmt":"2025-02-01T17:20:11","guid":{"rendered":"https:\/\/yokue.net\/?post_type=product&#038;p=1764"},"modified":"2025-02-01T13:33:32","modified_gmt":"2025-02-01T19:33:32","slug":"habitacion-master-suite","status":"publish","type":"product","link":"https:\/\/yokue.net\/en\/booknow\/habitacion-master-suite\/","title":{"rendered":"Habitaci\u00f3n Master Suite"},"content":{"rendered":"<p style=\"text-align: justify;\">La habitaci\u00f3n suite principal es una habitaci\u00f3n espectacular. La suite est\u00e1 dise\u00f1ada para reflejar un apartamento de lujo de dos pisos con una impresionante vista panor\u00e1mica de la entrada de la propiedad, bellamente bordeada por palmeras reales. La suite principal ofrece un entorno maravilloso para recargar y restaurar su energ\u00eda despu\u00e9s de explorar el Volc\u00e1n Turrialba o el rafting en el r\u00edo Pacuare.\u00a0El primer piso ofrece una elegante sala de estar y ba\u00f1o privado. El majestuoso balc\u00f3n es un lugar ideal para desayunar con vista a las colinas y disfrutar de todos los sonidos de las aves y la vida silvestre que se encuentran aqu\u00ed.\u00a0El segundo piso es la esencia del romance; con un jacuzzi en suite, cerca de la lujosa cama King, las habitaciones brindan comodidad y elegancia, adem\u00e1s de una escapada rom\u00e1ntica perfecta.<\/p>\n<ul>\n<li>2 pisos<\/li>\n<li>Sala de estar (1er piso)<\/li>\n<li>Ba\u00f1o con ducha (1er piso)<\/li>\n<li>Ba\u00f1o en suite (2do piso)<\/li>\n<li>Balcones<\/li>\n<li>Caja fuerte<\/li>\n<li>Pantalla con Sky TV<\/li>\n<li>Minibar<\/li>\n<li>A\/C (2do piso)<\/li>\n<li>Jacuzzi (2do piso)<\/li>\n<\/ul>","protected":false},"excerpt":{"rendered":"<p>Hora de Ingreso: 02:00 p.m. Hora de salida: 12:00 m.<\/p>\n<p>Incluye<\/p>\n<ul>\n<li>Desayuno incluido a la carta (horario 07:00am a 10:00am)<\/li>\n<\/ul>","protected":false},"featured_media":1766,"template":"","meta":[],"product_cat":[21,27,22],"product_tag":[],"class_list":{"0":"post-1764","1":"product","2":"type-product","3":"status-publish","4":"has-post-thumbnail","6":"product_cat-hospedaje","7":"product_cat-hospedaje-cartago","8":"product_cat-hospedaje-montana","10":"first","11":"instock","12":"virtual","13":"sold-individually","14":"taxable","15":"purchasable","16":"product-type-booking"},"_links":{"self":[{"href":"https:\/\/yokue.net\/en\/wp-json\/wp\/v2\/product\/1764"}],"collection":[{"href":"https:\/\/yokue.net\/en\/wp-json\/wp\/v2\/product"}],"about":[{"href":"https:\/\/yokue.net\/en\/wp-json\/wp\/v2\/types\/product"}],"wp:featuredmedia":[{"embeddable":true,"href":"https:\/\/yokue.net\/en\/wp-json\/wp\/v2\/media\/1766"}],"wp:attachment":[{"href":"https:\/\/yokue.net\/en\/wp-json\/wp\/v2\/media?parent=1764"}],"wp:term":[{"taxonomy":"product_cat","embeddable":true,"href":"https:\/\/yokue.net\/en\/wp-json\/wp\/v2\/product_cat?post=1764"},{"taxonomy":"product_tag","embeddable":true,"href":"https:\/\/yokue.net\/en\/wp-json\/wp\/v2\/product_tag?post=1764"}],"curies":[{"name":"wp","href":"https:\/\/api.w.org\/{rel}","templated":true}]}}