{"id":1754,"date":"2025-02-01T10:13:12","date_gmt":"2025-02-01T16:13:12","guid":{"rendered":"https:\/\/yokue.net\/?post_type=product&#038;p=1754"},"modified":"2025-02-01T10:56:23","modified_gmt":"2025-02-01T16:56:23","slug":"habitacion-suite","status":"publish","type":"product","link":"https:\/\/yokue.net\/en\/booknow\/habitacion-suite\/","title":{"rendered":"Habitaci\u00f3n Suite"},"content":{"rendered":"<p style=\"text-align: justify;\">Las habitaciones suite tienen nombres \u00fanicos tomados de las flores ex\u00f3ticas que se encuentran en los jardines del Hotel Casa Turire. Suite Orqu\u00eddeas, Suite Anturios y Suite Ave de Para\u00edso. Las amplias habitaciones ofrecen lo \u00faltimo en comodidad con una cama king size. Tambi\u00e9n se cuenta con una peque\u00f1a configuraci\u00f3n de escritorio para cualquiera que busque trabajar, leer o escribir durante su estad\u00eda. Las suites tienen ba\u00f1os amplios y lujosos con jacuzzi separado que invitan a un ba\u00f1o relajante despu\u00e9s de un largo d\u00eda explorando el \u00e1rea de Turrialba, as\u00ed como duchas de hidromasaje.<\/p>\n<ul>\n<li>Ba\u00f1o con jacuzzi<\/li>\n<li>Cama King<\/li>\n<li>Ducha hidro masaje<\/li>\n<li>Caja fuerte<\/li>\n<li>Pantalla con Sky TV<\/li>\n<li>Minibar<\/li>\n<li>A\/C<\/li>\n<li>Vista al Volc\u00e1n Turrialba<\/li>\n<li>Botella de agua fr\u00eda<\/li>\n<li>Secador de pelo<\/li>\n<li>M\u00e1quina de caf\u00e9<\/li>\n<li>Tel\u00e9fono<\/li>\n<\/ul>","protected":false},"excerpt":{"rendered":"<p>Hora de Ingreso: 02:00 p.m. Hora de salida: 12:00 m.<\/p>\n<p>Incluye<\/p>\n<ul>\n<li>Desayuno incluido a la carta (horario 07:00am a 10:00am)<\/li>\n<\/ul>","protected":false},"featured_media":1756,"template":"","meta":[],"product_cat":[21,27,22],"product_tag":[],"class_list":{"0":"post-1754","1":"product","2":"type-product","3":"status-publish","4":"has-post-thumbnail","6":"product_cat-hospedaje","7":"product_cat-hospedaje-cartago","8":"product_cat-hospedaje-montana","10":"first","11":"instock","12":"virtual","13":"sold-individually","14":"taxable","15":"purchasable","16":"product-type-booking"},"_links":{"self":[{"href":"https:\/\/yokue.net\/en\/wp-json\/wp\/v2\/product\/1754"}],"collection":[{"href":"https:\/\/yokue.net\/en\/wp-json\/wp\/v2\/product"}],"about":[{"href":"https:\/\/yokue.net\/en\/wp-json\/wp\/v2\/types\/product"}],"wp:featuredmedia":[{"embeddable":true,"href":"https:\/\/yokue.net\/en\/wp-json\/wp\/v2\/media\/1756"}],"wp:attachment":[{"href":"https:\/\/yokue.net\/en\/wp-json\/wp\/v2\/media?parent=1754"}],"wp:term":[{"taxonomy":"product_cat","embeddable":true,"href":"https:\/\/yokue.net\/en\/wp-json\/wp\/v2\/product_cat?post=1754"},{"taxonomy":"product_tag","embeddable":true,"href":"https:\/\/yokue.net\/en\/wp-json\/wp\/v2\/product_tag?post=1754"}],"curies":[{"name":"wp","href":"https:\/\/api.w.org\/{rel}","templated":true}]}}