{"id":1585,"date":"2024-12-30T17:18:41","date_gmt":"2024-12-30T23:18:41","guid":{"rendered":"https:\/\/yokue.net\/?post_type=product&#038;p=1585"},"modified":"2024-12-30T17:44:13","modified_gmt":"2024-12-30T23:44:13","slug":"habitacion-luna-de-miel","status":"publish","type":"product","link":"https:\/\/yokue.net\/en\/booknow\/habitacion-luna-de-miel\/","title":{"rendered":"Habitaci\u00f3n Luna de Miel"},"content":{"rendered":"<p style=\"text-align: justify;\">Un total de dos habitaciones de Luna de Miel. Nombradas &#8220;El Cen\u00edzaro&#8221; y &#8220;El Cedro&#8221;, en honor a dos de los \u00e1rboles gigantes m\u00e1s emblem\u00e1ticos que se encuentran en esta regi\u00f3n de Guanacaste, estas suites privadas son tan grandiosas y majestuosas como sus hom\u00f3nimos; las joyas de la corona del alojamiento en Hotel Hacienda Guachipel\u00edn con un espacio de cuarenta y ocho metros cuadrados. Cada suite cuenta con una amplia sala de estar abierta, bellamente decorada con muebles artesanales costarricenses y obras de arte que reflejan la vida tradicional de una hacienda guanacasteca. Las suites ofrecen una gran terraza desde la cual se puede admirar la incre\u00edble vista del Volc\u00e1n Rinc\u00f3n de la Vieja, enmarcada por encantadores jardines tropicales. Una de las caracter\u00edsticas m\u00e1s destacadas es la piscina privada, situada en el patio de sol, que ofrece un espacio exclusivo para relajarse en total privacidad. Otros puntos destacados incluyen una c\u00f3moda cama King o Queen hecha a mano con madera costarricense, un ba\u00f1o privado con ducha y ba\u00f1era, televisi\u00f3n por cable, aire acondicionado, ventilador de techo, caja fuerte, secador de cabello, tel\u00e9fono y un mini refrigerador. La tarifa de la habitaci\u00f3n incluye acceso a las aguas termales de R\u00edo Negro y ba\u00f1os de lodo volc\u00e1nico para una experiencia verdaderamente rejuvenecedora.<\/p>","protected":false},"excerpt":{"rendered":"<p>Hora de Ingreso: 03:00 p.m. Hora de salida: 12:00 m.<\/p>\n<p>Incluye<\/p>\n<ul>\n<li>Desayuno<\/li>\n<li>Uso de las Aguas Termales de Rio Negro y Ba\u00f1os de lodo,<\/li>\n<li>Uso de senderos y caminatas autoguiadas a 7 cataratas<\/li>\n<\/ul>","protected":false},"featured_media":1587,"template":"","meta":[],"product_cat":[21,22],"product_tag":[],"class_list":{"0":"post-1585","1":"product","2":"type-product","3":"status-publish","4":"has-post-thumbnail","6":"product_cat-hospedaje","7":"product_cat-hospedaje-montana","9":"first","10":"instock","11":"virtual","12":"sold-individually","13":"taxable","14":"purchasable","15":"product-type-booking"},"_links":{"self":[{"href":"https:\/\/yokue.net\/en\/wp-json\/wp\/v2\/product\/1585"}],"collection":[{"href":"https:\/\/yokue.net\/en\/wp-json\/wp\/v2\/product"}],"about":[{"href":"https:\/\/yokue.net\/en\/wp-json\/wp\/v2\/types\/product"}],"wp:featuredmedia":[{"embeddable":true,"href":"https:\/\/yokue.net\/en\/wp-json\/wp\/v2\/media\/1587"}],"wp:attachment":[{"href":"https:\/\/yokue.net\/en\/wp-json\/wp\/v2\/media?parent=1585"}],"wp:term":[{"taxonomy":"product_cat","embeddable":true,"href":"https:\/\/yokue.net\/en\/wp-json\/wp\/v2\/product_cat?post=1585"},{"taxonomy":"product_tag","embeddable":true,"href":"https:\/\/yokue.net\/en\/wp-json\/wp\/v2\/product_tag?post=1585"}],"curies":[{"name":"wp","href":"https:\/\/api.w.org\/{rel}","templated":true}]}}