{"id":1506,"date":"2024-12-29T20:22:22","date_gmt":"2024-12-30T02:22:22","guid":{"rendered":"https:\/\/yokue.net\/?post_type=product&#038;p=1506"},"modified":"2024-12-29T20:37:46","modified_gmt":"2024-12-30T02:37:46","slug":"habitacion-legado-queen","status":"publish","type":"product","link":"https:\/\/yokue.net\/en\/booknow\/habitacion-legado-queen\/","title":{"rendered":"Habitaci\u00f3n Legado Queen"},"content":{"rendered":"<p style=\"text-align: justify;\">Un total de ocho habitaciones Legado suite se caracterizan por su tradicional arquitectura y aut\u00e9nticos muebles artesanales en el estilo t\u00edpico Guanacasteco. Siga los senderos bordeados de flores desde el \u00e1rea de recepci\u00f3n y rel\u00e1jese en su alojamiento de lujo. Las habitaciones Legado Suite de alto est\u00e1ndar se encuentran lejos de las principales habitaciones de hu\u00e9spedes y actividades. Para aquellos que buscan una experiencia m\u00e1s tranquila, privada y c\u00f3moda al hospedarse en el Hotel Hacienda Guachipel\u00edn, querr\u00e1n estar en las Habitaciones Legado Suite. Equipadas con dos camas Queen, las espaciosas Legacy Suites (42 metros cuadrados) se tratan sobre espacio para relajarse y estirarse. Descanse en una hamaca en frente de su terraza o mesase al sonido de los \u00e1rboles balance\u00e1ndose en el viento en su balc\u00f3n trasero privado. Estas suites son el asiento perfecto de la primera fila para relajarse y observar la vida excepcional de aves y animales que se puede encontrar en este m\u00e1gico paisaje salvaje. Cada habitaci\u00f3n Legado suite viene con aire acondicionado y ventilador de techo, caja fuerte, closet, ba\u00f1o privado con agua caliente, Wi-Fi libre, televisi\u00f3n por cable, tel\u00e9fono, cafetera, mini refrigerador y secadora de cabello. Las tarifas incluyen desayuno, acceso a las cataratas del hotel y a las aguas termales de Rio Negro y ba\u00f1os de lodo volc\u00e1nico.<\/p>","protected":false},"excerpt":{"rendered":"<p>Hora de Ingreso: 03:00 p.m. Hora de salida: 12:00 m.<\/p>\n<p>Incluye<\/p>\n<ul>\n<li>Desayuno<\/li>\n<li>Uso de las Aguas Termales de Rio Negro y Ba\u00f1os de lodo,<\/li>\n<li>Uso de senderos y caminatas autoguiadas a 7 cataratas<\/li>\n<\/ul>","protected":false},"featured_media":1510,"template":"","meta":[],"product_cat":[21,22],"product_tag":[],"class_list":{"0":"post-1506","1":"product","2":"type-product","3":"status-publish","4":"has-post-thumbnail","6":"product_cat-hospedaje","7":"product_cat-hospedaje-montana","9":"first","10":"instock","11":"virtual","12":"sold-individually","13":"taxable","14":"purchasable","15":"product-type-booking"},"_links":{"self":[{"href":"https:\/\/yokue.net\/en\/wp-json\/wp\/v2\/product\/1506"}],"collection":[{"href":"https:\/\/yokue.net\/en\/wp-json\/wp\/v2\/product"}],"about":[{"href":"https:\/\/yokue.net\/en\/wp-json\/wp\/v2\/types\/product"}],"wp:featuredmedia":[{"embeddable":true,"href":"https:\/\/yokue.net\/en\/wp-json\/wp\/v2\/media\/1510"}],"wp:attachment":[{"href":"https:\/\/yokue.net\/en\/wp-json\/wp\/v2\/media?parent=1506"}],"wp:term":[{"taxonomy":"product_cat","embeddable":true,"href":"https:\/\/yokue.net\/en\/wp-json\/wp\/v2\/product_cat?post=1506"},{"taxonomy":"product_tag","embeddable":true,"href":"https:\/\/yokue.net\/en\/wp-json\/wp\/v2\/product_tag?post=1506"}],"curies":[{"name":"wp","href":"https:\/\/api.w.org\/{rel}","templated":true}]}}