{"id":1484,"date":"2024-12-29T15:41:12","date_gmt":"2024-12-29T21:41:12","guid":{"rendered":"https:\/\/yokue.net\/?post_type=product&#038;p=1484"},"modified":"2024-12-29T19:00:49","modified_gmt":"2024-12-30T01:00:49","slug":"habitacion-familiar-superior","status":"publish","type":"product","link":"https:\/\/yokue.net\/en\/booknow\/habitacion-familiar-superior\/","title":{"rendered":"Habitaci\u00f3n Familiar Superior"},"content":{"rendered":"<p style=\"text-align: justify;\">Una soluci\u00f3n perfecta para familias o grupos de amigos cercanos que desean compartir alojamiento. Nuestras habitaciones familiares superiores se encuentran cerca del \u00e1rea de recepci\u00f3n, del \u00e1rea de piscina, restaurante y centro de aventuras. Disfrute de las vistas de la vegetaci\u00f3n tropical y de la diversa variedad de aves desde su porche o terraza.\u00a0Las habitaciones Familiar Superior vienen en una variedad de camas: una cama individual, una doble y una king. Cada habitaci\u00f3n tiene una caja fuerte, aire acondicionado, ventilador de techo, mini refrigerador, televisi\u00f3n por cable, cafetera y tel\u00e9fono, adem\u00e1s de un calentador de agua ecol\u00f3gico. Las tarifas de la habitaci\u00f3n incluyen desayuno, acceso a cataratas y acceso ilimitado a las aguas termales de Rio Negro y ba\u00f1os de lodo volc\u00e1nico.<\/p>","protected":false},"excerpt":{"rendered":"<p>Hora de Ingreso: 03:00 p.m. Hora de salida: 12:00 m.<\/p>\n<p>Incluye<\/p>\n<ul>\n<li>Desayuno<\/li>\n<li>Uso de las Aguas Termales de Rio Negro y Ba\u00f1os de lodo,<\/li>\n<li>Uso de senderos y caminatas autoguiadas a 7 cataratas<\/li>\n<\/ul>","protected":false},"featured_media":1488,"template":"","meta":[],"product_cat":[21,22],"product_tag":[],"class_list":{"0":"post-1484","1":"product","2":"type-product","3":"status-publish","4":"has-post-thumbnail","6":"product_cat-hospedaje","7":"product_cat-hospedaje-montana","9":"first","10":"instock","11":"virtual","12":"sold-individually","13":"taxable","14":"purchasable","15":"product-type-booking"},"_links":{"self":[{"href":"https:\/\/yokue.net\/en\/wp-json\/wp\/v2\/product\/1484"}],"collection":[{"href":"https:\/\/yokue.net\/en\/wp-json\/wp\/v2\/product"}],"about":[{"href":"https:\/\/yokue.net\/en\/wp-json\/wp\/v2\/types\/product"}],"wp:featuredmedia":[{"embeddable":true,"href":"https:\/\/yokue.net\/en\/wp-json\/wp\/v2\/media\/1488"}],"wp:attachment":[{"href":"https:\/\/yokue.net\/en\/wp-json\/wp\/v2\/media?parent=1484"}],"wp:term":[{"taxonomy":"product_cat","embeddable":true,"href":"https:\/\/yokue.net\/en\/wp-json\/wp\/v2\/product_cat?post=1484"},{"taxonomy":"product_tag","embeddable":true,"href":"https:\/\/yokue.net\/en\/wp-json\/wp\/v2\/product_tag?post=1484"}],"curies":[{"name":"wp","href":"https:\/\/api.w.org\/{rel}","templated":true}]}}