{"id":1469,"date":"2024-12-29T14:37:51","date_gmt":"2024-12-29T20:37:51","guid":{"rendered":"https:\/\/yokue.net\/?post_type=product&#038;p=1469"},"modified":"2024-12-29T15:33:10","modified_gmt":"2024-12-29T21:33:10","slug":"habitacion-superior-queen","status":"publish","type":"product","link":"https:\/\/yokue.net\/en\/booknow\/habitacion-superior-queen\/","title":{"rendered":"Habitaci\u00f3n Superior Queen"},"content":{"rendered":"<p style=\"text-align: justify;\">Experimente un mayor nivel de comodidad y conveniencia en nuestra habitaci\u00f3n Superior Queen recientemente renovada en el Hotel Hacienda Guachipel\u00edn. Ubicada en el coraz\u00f3n del centro de actividad vibrante, esta habitaci\u00f3n ofrece una ubicaci\u00f3n central incomparable, lo que garantiza un f\u00e1cil acceso a nuestra \u00e1rea de recepci\u00f3n principal, los restaurantes y la piscina. Cada habitaci\u00f3n sale a una terraza cubierta compartida que da a un gran espacio verde abierto que es ideal para observar aves y tomar fotograf\u00edas. Cada habitaci\u00f3n Superior Queen viene con dos camas tama\u00f1o queen, caja de seguridad, aire acondicionado, ventilador de techo, mini refrigerador, televisi\u00f3n por cable, cafetera y tel\u00e9fono, adem\u00e1s de un calentador de agua con energ\u00eda solar que no da\u00f1a el medio ambiente. Las tarifas de las habitaciones incluyen un desayuno buffet completo y acceso a las aguas termales y ba\u00f1os de lodo de R\u00edo Negro. Elija la Habitaci\u00f3n Superior Queen de Hotel Hacienda Guachipel\u00edn para una estad\u00eda verdaderamente excepcional, donde el confort moderno, la belleza natural y el c\u00f3modo acceso se unen para crear una experiencia inolvidable para usted y su familia.<\/p>","protected":false},"excerpt":{"rendered":"<p>Hora de Ingreso: 03:00 p.m. Hora de salida: 12:00 m.<\/p>\n<p>Incluye<\/p>\n<ul>\n<li>Desayuno<\/li>\n<li>Uso de las Aguas Termales de Rio Negro y Ba\u00f1os de lodo,<\/li>\n<li>Uso de senderos y caminatas autoguiadas a 7 cataratas<\/li>\n<\/ul>","protected":false},"featured_media":1482,"template":"","meta":[],"product_cat":[21,22],"product_tag":[],"class_list":{"0":"post-1469","1":"product","2":"type-product","3":"status-publish","4":"has-post-thumbnail","6":"product_cat-hospedaje","7":"product_cat-hospedaje-montana","9":"first","10":"instock","11":"virtual","12":"sold-individually","13":"taxable","14":"purchasable","15":"product-type-booking"},"_links":{"self":[{"href":"https:\/\/yokue.net\/en\/wp-json\/wp\/v2\/product\/1469"}],"collection":[{"href":"https:\/\/yokue.net\/en\/wp-json\/wp\/v2\/product"}],"about":[{"href":"https:\/\/yokue.net\/en\/wp-json\/wp\/v2\/types\/product"}],"wp:featuredmedia":[{"embeddable":true,"href":"https:\/\/yokue.net\/en\/wp-json\/wp\/v2\/media\/1482"}],"wp:attachment":[{"href":"https:\/\/yokue.net\/en\/wp-json\/wp\/v2\/media?parent=1469"}],"wp:term":[{"taxonomy":"product_cat","embeddable":true,"href":"https:\/\/yokue.net\/en\/wp-json\/wp\/v2\/product_cat?post=1469"},{"taxonomy":"product_tag","embeddable":true,"href":"https:\/\/yokue.net\/en\/wp-json\/wp\/v2\/product_tag?post=1469"}],"curies":[{"name":"wp","href":"https:\/\/api.w.org\/{rel}","templated":true}]}}