{"id":1453,"date":"2024-12-29T12:59:27","date_gmt":"2024-12-29T18:59:27","guid":{"rendered":"https:\/\/yokue.net\/?post_type=product&#038;p=1453"},"modified":"2024-12-29T14:13:28","modified_gmt":"2024-12-29T20:13:28","slug":"habitacion-superior","status":"publish","type":"product","link":"https:\/\/yokue.net\/en\/booknow\/habitacion-superior\/","title":{"rendered":"Habitaci\u00f3n Superior"},"content":{"rendered":"<p style=\"text-align: justify;\">Cada habitaci\u00f3n lleva a una terraza cubierta compartida que da a un gran espacio verde abierto, el cu\u00e1l es ideal para observar aves y tomarse fotos. Cada habitaci\u00f3n superior tiene dos camas dobles o una cama Queen. Las habitaciones superiores son una versi\u00f3n m\u00e1s espaciosa de la habitaci\u00f3n est\u00e1ndar con una sensaci\u00f3n de habitaci\u00f3n de lujo. Los c\u00e1lidos acabados de madera y el arte local reflejan la herencia de las tradiciones guanacastecas que inspiran nuestro modelo de negocio. Las habitaciones superiores son una opci\u00f3n ideal para grupos grandes que desean una cantidad de habitaciones situadas cerca una de la otra. Ubicadas en el mismo complejo de nuestras Honeymoon suites, brindan confort y privacidad a nuestros hu\u00e9spedes.<\/p>","protected":false},"excerpt":{"rendered":"<p>Hora de Ingreso: 03:00 p.m. Hora de salida: 12:00 m.<\/p>\n<p>Incluye<\/p>\n<ul>\n<li>Desayuno<\/li>\n<li>Uso de las Aguas Termales de Rio Negro y Ba\u00f1os de lodo,<\/li>\n<li>Uso de senderos y caminatas autoguiadas a 7 cataratas<\/li>\n<\/ul>","protected":false},"featured_media":1458,"template":"","meta":[],"product_cat":[21,22],"product_tag":[],"class_list":{"0":"post-1453","1":"product","2":"type-product","3":"status-publish","4":"has-post-thumbnail","6":"product_cat-hospedaje","7":"product_cat-hospedaje-montana","9":"first","10":"instock","11":"virtual","12":"sold-individually","13":"taxable","14":"purchasable","15":"product-type-booking"},"_links":{"self":[{"href":"https:\/\/yokue.net\/en\/wp-json\/wp\/v2\/product\/1453"}],"collection":[{"href":"https:\/\/yokue.net\/en\/wp-json\/wp\/v2\/product"}],"about":[{"href":"https:\/\/yokue.net\/en\/wp-json\/wp\/v2\/types\/product"}],"wp:featuredmedia":[{"embeddable":true,"href":"https:\/\/yokue.net\/en\/wp-json\/wp\/v2\/media\/1458"}],"wp:attachment":[{"href":"https:\/\/yokue.net\/en\/wp-json\/wp\/v2\/media?parent=1453"}],"wp:term":[{"taxonomy":"product_cat","embeddable":true,"href":"https:\/\/yokue.net\/en\/wp-json\/wp\/v2\/product_cat?post=1453"},{"taxonomy":"product_tag","embeddable":true,"href":"https:\/\/yokue.net\/en\/wp-json\/wp\/v2\/product_tag?post=1453"}],"curies":[{"name":"wp","href":"https:\/\/api.w.org\/{rel}","templated":true}]}}