{"id":1124,"date":"2024-12-25T15:24:30","date_gmt":"2024-12-25T21:24:30","guid":{"rendered":"https:\/\/yokue.net\/?post_type=product&#038;p=1124"},"modified":"2024-12-26T17:41:59","modified_gmt":"2024-12-26T23:41:59","slug":"combinado-uno","status":"publish","type":"product","link":"https:\/\/yokue.net\/en\/booknow\/combinado-uno\/","title":{"rendered":"Combinado Uno"},"content":{"rendered":"<p style=\"text-align: justify;\">Las aguas termales ricas en minerales de R\u00edo Negro tienen propiedades rejuvenecedoras y terap\u00e9uticas que se han valorado por siglos por gente alrededor del mundo. Cuando visite Hotel Hacienda Guachipel\u00edn y Rinc\u00f3n de la Vieja usted podr\u00e1 experimentar las incre\u00edbles aguas termales de R\u00edo Negro. Hermosas y relajantes, las aguas termales en Hacienda Guachipel\u00edn surgen del R\u00edo Negro, naturalmente temperado por el volc\u00e1n Rinc\u00f3n de la Vieja \u2014 el m\u00e1s extenso y m\u00e1s activo de Guanacaste, Costa Rica.\u00a0Rodeadas por un denso bosque tropical seco, las aguas termales de R\u00edo Negro se encuentran es un \u00e1rea hermosa y pac\u00edfica. Las aguas cristalinas del r\u00edo fluyen cerca de las 10 piscinas en la orilla del r\u00edo, llenas con aguas termales ricas en minerales, naturalmente temperadas en lo profundo del volc\u00e1n. Puede acceder a las aguas termales por ambas orillas del r\u00edo a trav\u00e9s de dos puentes colgantes.\u00a0Para un tratamiento rejuvenecedor en su cuerpo, usted puede usar el lodo volc\u00e1nico, el cual act\u00faa igual que una m\u00e1scara de spa corporal. Cuando el barro se seca, se puede enjuagar en el agua fr\u00eda del r\u00edo antes de entrar a las termales de nuevo. Se cuenta con vestidores, servicios sanitarios, y casilleros en la entrada de las termales. Desde ah\u00ed, caminar\u00e1 350 metros a trav\u00e9s de un hermoso sendero en el bosque hasta que llegue a las aguas termales. Es una experiencia verdaderamente relajante y natural.<\/p>","protected":false},"excerpt":{"rendered":"<p>Duraci\u00f3n estimada 3 horas<\/p>\n<p>Disponible todos los d\u00edas | Salidas 09:00 a.m. &#8211; 10:00 a.m. &#8211; 11:00 a.m. &#8211; 12:00 m.d. &#8211; 01:00 p.m. &#8211; 02:00 p.m.<\/p>","protected":false},"featured_media":1129,"template":"","meta":[],"product_cat":[16],"product_tag":[],"class_list":{"0":"post-1124","1":"product","2":"type-product","3":"status-publish","4":"has-post-thumbnail","6":"product_cat-destinos-de-turismo-en-costa-rica","8":"first","9":"instock","10":"virtual","11":"sold-individually","12":"taxable","13":"purchasable","14":"product-type-booking"},"_links":{"self":[{"href":"https:\/\/yokue.net\/en\/wp-json\/wp\/v2\/product\/1124"}],"collection":[{"href":"https:\/\/yokue.net\/en\/wp-json\/wp\/v2\/product"}],"about":[{"href":"https:\/\/yokue.net\/en\/wp-json\/wp\/v2\/types\/product"}],"wp:featuredmedia":[{"embeddable":true,"href":"https:\/\/yokue.net\/en\/wp-json\/wp\/v2\/media\/1129"}],"wp:attachment":[{"href":"https:\/\/yokue.net\/en\/wp-json\/wp\/v2\/media?parent=1124"}],"wp:term":[{"taxonomy":"product_cat","embeddable":true,"href":"https:\/\/yokue.net\/en\/wp-json\/wp\/v2\/product_cat?post=1124"},{"taxonomy":"product_tag","embeddable":true,"href":"https:\/\/yokue.net\/en\/wp-json\/wp\/v2\/product_tag?post=1124"}],"curies":[{"name":"wp","href":"https:\/\/api.w.org\/{rel}","templated":true}]}}