{"id":631,"date":"2024-12-12T18:05:10","date_gmt":"2024-12-13T00:05:10","guid":{"rendered":"https:\/\/yokue.net\/?page_id=631"},"modified":"2024-12-12T18:06:34","modified_gmt":"2024-12-13T00:06:34","slug":"planea-tu-viaje","status":"publish","type":"page","link":"https:\/\/yokue.net\/en\/planea-tu-viaje\/","title":{"rendered":"Planea tu Viaje"},"content":{"rendered":"<div data-elementor-type=\"wp-page\" data-elementor-id=\"631\" class=\"elementor elementor-631\" data-elementor-post-type=\"page\">\n\t\t\t\t\t\t\t\t\t<section class=\"elementor-section elementor-top-section elementor-element elementor-element-68afcb1 elementor-section-boxed elementor-section-height-default elementor-section-height-default\" data-id=\"68afcb1\" data-element_type=\"section\">\n\t\t\t\t\t\t<div class=\"elementor-container elementor-column-gap-default\">\n\t\t\t\t\t<div class=\"elementor-column elementor-col-100 elementor-top-column elementor-element elementor-element-6601731\" data-id=\"6601731\" data-element_type=\"column\">\n\t\t\t<div class=\"elementor-widget-wrap elementor-element-populated\">\n\t\t\t\t\t\t\t\t<div class=\"elementor-element elementor-element-047bbc1 elementor-widget elementor-widget-text-editor\" data-id=\"047bbc1\" data-element_type=\"widget\" data-widget_type=\"text-editor.default\">\n\t\t\t\t<div class=\"elementor-widget-container\">\n\t\t\t<style>\/*! elementor - v3.14.0 - 18-06-2023 *\/\n.elementor-widget-text-editor.elementor-drop-cap-view-stacked .elementor-drop-cap{background-color:#69727d;color:#fff}.elementor-widget-text-editor.elementor-drop-cap-view-framed .elementor-drop-cap{color:#69727d;border:3px solid;background-color:transparent}.elementor-widget-text-editor:not(.elementor-drop-cap-view-default) .elementor-drop-cap{margin-top:8px}.elementor-widget-text-editor:not(.elementor-drop-cap-view-default) .elementor-drop-cap-letter{width:1em;height:1em}.elementor-widget-text-editor .elementor-drop-cap{float:left;text-align:center;line-height:1;font-size:50px}.elementor-widget-text-editor .elementor-drop-cap-letter{display:inline-block}<\/style>\t\t\t\t<h3 style=\"text-align: center;\"><span style=\"color: #3ab54b;\">Planea tu Viaje<\/span><\/h3>\t\t\t\t\t\t<\/div>\n\t\t\t\t<\/div>\n\t\t\t\t\t<\/div>\n\t\t<\/div>\n\t\t\t\t\t\t\t<\/div>\n\t\t<\/section>\n\t\t\t\t<section class=\"elementor-section elementor-top-section elementor-element elementor-element-fae38d4 elementor-section-boxed elementor-section-height-default elementor-section-height-default\" data-id=\"fae38d4\" data-element_type=\"section\">\n\t\t\t\t\t\t<div class=\"elementor-container elementor-column-gap-default\">\n\t\t\t\t\t<div class=\"elementor-column elementor-col-100 elementor-top-column elementor-element elementor-element-caf6cc7\" data-id=\"caf6cc7\" data-element_type=\"column\">\n\t\t\t<div class=\"elementor-widget-wrap elementor-element-populated\">\n\t\t\t\t\t\t\t\t<div class=\"elementor-element elementor-element-ab5733c elementor-widget elementor-widget-html\" data-id=\"ab5733c\" data-element_type=\"widget\" data-widget_type=\"html.default\">\n\t\t\t\t<div class=\"elementor-widget-container\">\n\t\t\t<div class=\"wpforms-container wpforms-container-full wpforms-render-modern\" id=\"wpforms-621\"><form id=\"wpforms-form-621\" class=\"wpforms-validate wpforms-form wpforms-ajax-form\" data-formid=\"621\" method=\"post\" enctype=\"multipart\/form-data\" action=\"\/en\/wp-json\/wp\/v2\/pages\/631\" data-token=\"6f4b7887426dcfb5e2a9d33d9d557ec2\" data-trp-original-action=\"\/en\/wp-json\/wp\/v2\/pages\/631\"><noscript class=\"wpforms-error-noscript\" data-no-translation=\"\" data-trp-gettext=\"\">Please enable JavaScript in your browser to complete this form.<\/noscript><div class=\"wpforms-hidden\" id=\"wpforms-error-noscript\" data-no-translation=\"\" data-trp-gettext=\"\">Please enable JavaScript in your browser to complete this form.<\/div><div class=\"wpforms-field-container\"><div id=\"wpforms-621-field_1-container\" class=\"wpforms-field wpforms-field-text\" data-field-id=\"1\"><label class=\"wpforms-field-label\" for=\"wpforms-621-field_1\">Nombre completo <span class=\"wpforms-required-label\" aria-hidden=\"true\">*<\/span><\/label><input type=\"text\" id=\"wpforms-621-field_1\" class=\"wpforms-field-medium wpforms-field-required\" name=\"wpforms[fields][1]\" aria-errormessage=\"wpforms-621-field_1-error\" required><\/div><div id=\"wpforms-621-field_11-container\" class=\"wpforms-field wpforms-field-email\" data-field-id=\"11\"><label class=\"wpforms-field-label\" for=\"wpforms-621-field_11\">Correo electr\u00f3nico <span class=\"wpforms-required-label\" aria-hidden=\"true\">*<\/span><\/label><input type=\"email\" id=\"wpforms-621-field_11\" class=\"wpforms-field-medium wpforms-field-required\" name=\"wpforms[fields][11]\" spellcheck=\"false\" aria-errormessage=\"wpforms-621-field_11-error\" required><\/div><div id=\"wpforms-621-field_3-container\" class=\"wpforms-field wpforms-field-text\" data-field-id=\"3\"><label class=\"wpforms-field-label\" for=\"wpforms-621-field_3\">Tel\u00e9fono <span class=\"wpforms-required-label\" aria-hidden=\"true\">*<\/span><\/label><input type=\"text\" id=\"wpforms-621-field_3\" class=\"wpforms-field-medium wpforms-field-required\" name=\"wpforms[fields][3]\" aria-errormessage=\"wpforms-621-field_3-error\" required><\/div><div id=\"wpforms-621-field_4-container\" class=\"wpforms-field wpforms-field-date-time\" data-field-id=\"4\"><label class=\"wpforms-field-label\" for=\"wpforms-621-field_4\">Fecha de llegada<\/label><div class=\"wpforms-datepicker-wrap\"><input type=\"text\" id=\"wpforms-621-field_4\" class=\"wpforms-field-date-time-date wpforms-datepicker wpforms-field-medium\" data-date-format=\"m\/d\/Y\" data-disable-past-dates=\"0\" data-input=\"true\" name=\"wpforms[fields][4][date]\" aria-errormessage=\"wpforms-621-field_4-error\" ><a title=\"Clear Date\" data-clear class=\"wpforms-datepicker-clear\" style=\"display:none;\" data-no-translation-title=\"\"><\/a><\/div><\/div><div id=\"wpforms-621-field_5-container\" class=\"wpforms-field wpforms-field-date-time\" data-field-id=\"5\"><label class=\"wpforms-field-label\" for=\"wpforms-621-field_5\">Fecha de salida <span class=\"wpforms-required-label\" aria-hidden=\"true\">*<\/span><\/label><div class=\"wpforms-datepicker-wrap\"><input type=\"text\" id=\"wpforms-621-field_5\" class=\"wpforms-field-date-time-date wpforms-datepicker wpforms-field-required wpforms-field-medium\" data-date-format=\"m\/d\/Y\" data-disable-past-dates=\"0\" data-input=\"true\" name=\"wpforms[fields][5][date]\" aria-errormessage=\"wpforms-621-field_5-error\" required><a title=\"Clear Date\" data-clear class=\"wpforms-datepicker-clear\" style=\"display:none;\" data-no-translation-title=\"\"><\/a><\/div><\/div><div id=\"wpforms-621-field_6-container\" class=\"wpforms-field wpforms-field-text\" data-field-id=\"6\"><label class=\"wpforms-field-label\" for=\"wpforms-621-field_6\">Cantidad de Adultos<\/label><input type=\"text\" id=\"wpforms-621-field_6\" class=\"wpforms-field-medium\" name=\"wpforms[fields][6]\" aria-errormessage=\"wpforms-621-field_6-error\" ><\/div><div id=\"wpforms-621-field_7-container\" class=\"wpforms-field wpforms-field-text\" data-field-id=\"7\"><label class=\"wpforms-field-label\" for=\"wpforms-621-field_7\">Cantidad de Ni\u00f1os<\/label><input type=\"text\" id=\"wpforms-621-field_7\" class=\"wpforms-field-medium\" name=\"wpforms[fields][7]\" aria-errormessage=\"wpforms-621-field_7-error\" ><\/div><div id=\"wpforms-621-field_8-container\" class=\"wpforms-field wpforms-field-checkbox\" data-field-id=\"8\"><fieldset><legend class=\"wpforms-field-label\">\u00bfC\u00f3mo podemos ayudarte?<\/legend><ul id=\"wpforms-621-field_8\"><li class=\"choice-1 depth-1\"><input type=\"checkbox\" id=\"wpforms-621-field_8_1\" name=\"wpforms[fields][8][]\" value=\"Planificar mis vacaciones\" aria-errormessage=\"wpforms-621-field_8_1-error\"  ><label class=\"wpforms-field-label-inline\" for=\"wpforms-621-field_8_1\">Planificar mis vacaciones<\/label><\/li><li class=\"choice-2 depth-1\"><input type=\"checkbox\" id=\"wpforms-621-field_8_2\" name=\"wpforms[fields][8][]\" value=\"Reservaciones de hotel\" aria-errormessage=\"wpforms-621-field_8_2-error\"  ><label class=\"wpforms-field-label-inline\" for=\"wpforms-621-field_8_2\">Reservaciones de hotel<\/label><\/li><li class=\"choice-3 depth-1\"><input type=\"checkbox\" id=\"wpforms-621-field_8_3\" name=\"wpforms[fields][8][]\" value=\"Tours\" aria-errormessage=\"wpforms-621-field_8_3-error\"  ><label class=\"wpforms-field-label-inline\" for=\"wpforms-621-field_8_3\">Tours<\/label><\/li><li class=\"choice-4 depth-1\"><input type=\"checkbox\" id=\"wpforms-621-field_8_4\" name=\"wpforms[fields][8][]\" value=\"Grupos\" aria-errormessage=\"wpforms-621-field_8_4-error\"  ><label class=\"wpforms-field-label-inline\" for=\"wpforms-621-field_8_4\">Grupos<\/label><\/li><li class=\"choice-5 depth-1\"><input type=\"checkbox\" id=\"wpforms-621-field_8_5\" name=\"wpforms[fields][8][]\" value=\"Trasbordos\" aria-errormessage=\"wpforms-621-field_8_5-error\"  ><label class=\"wpforms-field-label-inline\" for=\"wpforms-621-field_8_5\">Trasbordos<\/label><\/li><li class=\"choice-6 depth-1\"><input type=\"checkbox\" id=\"wpforms-621-field_8_6\" name=\"wpforms[fields][8][]\" value=\"Transferencias\" aria-errormessage=\"wpforms-621-field_8_6-error\"  ><label class=\"wpforms-field-label-inline\" for=\"wpforms-621-field_8_6\">Transferencias<\/label><\/li><\/ul><\/fieldset><\/div><div id=\"wpforms-621-field_9-container\" class=\"wpforms-field wpforms-field-checkbox\" data-field-id=\"9\"><fieldset><legend class=\"wpforms-field-label\">\u00bfCu\u00e1les lugares deseas visitar?<\/legend><ul id=\"wpforms-621-field_9\"><li class=\"choice-1 depth-1\"><input type=\"checkbox\" id=\"wpforms-621-field_9_1\" name=\"wpforms[fields][9][]\" value=\"Playas de Guanacaste\" aria-errormessage=\"wpforms-621-field_9_1-error\"  ><label class=\"wpforms-field-label-inline\" for=\"wpforms-621-field_9_1\">Playas de Guanacaste<\/label><\/li><li class=\"choice-2 depth-1\"><input type=\"checkbox\" id=\"wpforms-621-field_9_2\" name=\"wpforms[fields][9][]\" value=\"Volcanes\" aria-errormessage=\"wpforms-621-field_9_2-error\"  ><label class=\"wpforms-field-label-inline\" for=\"wpforms-621-field_9_2\">Volcanes<\/label><\/li><li class=\"choice-3 depth-1\"><input type=\"checkbox\" id=\"wpforms-621-field_9_3\" name=\"wpforms[fields][9][]\" value=\"Canotaje\" aria-errormessage=\"wpforms-621-field_9_3-error\"  ><label class=\"wpforms-field-label-inline\" for=\"wpforms-621-field_9_3\">Canotaje<\/label><\/li><li class=\"choice-4 depth-1\"><input type=\"checkbox\" id=\"wpforms-621-field_9_4\" name=\"wpforms[fields][9][]\" value=\"Rappel\" aria-errormessage=\"wpforms-621-field_9_4-error\"  ><label class=\"wpforms-field-label-inline\" for=\"wpforms-621-field_9_4\">Rappel<\/label><\/li><li class=\"choice-5 depth-1\"><input type=\"checkbox\" id=\"wpforms-621-field_9_5\" name=\"wpforms[fields][9][]\" value=\"Bucear\" aria-errormessage=\"wpforms-621-field_9_5-error\"  ><label class=\"wpforms-field-label-inline\" for=\"wpforms-621-field_9_5\">Bucear<\/label><\/li><li class=\"choice-6 depth-1\"><input type=\"checkbox\" id=\"wpforms-621-field_9_6\" name=\"wpforms[fields][9][]\" value=\"Surf\" aria-errormessage=\"wpforms-621-field_9_6-error\"  ><label class=\"wpforms-field-label-inline\" for=\"wpforms-621-field_9_6\">Surf<\/label><\/li><\/ul><\/fieldset><\/div><div id=\"wpforms-621-field_10-container\" class=\"wpforms-field wpforms-field-textarea\" data-field-id=\"10\"><label class=\"wpforms-field-label\" for=\"wpforms-621-field_10\">Tu mensaje<\/label><textarea id=\"wpforms-621-field_10\" class=\"wpforms-field-medium\" name=\"wpforms[fields][10]\" aria-errormessage=\"wpforms-621-field_10-error\" aria-describedby=\"wpforms-621-field_10-description\" ><\/textarea><div id=\"wpforms-621-field_10-description\" class=\"wpforms-field-description\">Cu\u00e9ntanos un poco sobre los lugares que te gustar\u00eda visitar en nuestro pa\u00eds. Si requiere un traslado, por favor anote sus destinos preferidos. Si tienes alg\u00fan hotel de tu preferencia, h\u00e1znoslo saber. \u00a1Cuanta informaci\u00f3n puedas brindarnos, mejores opciones podremos encontrar para planificar tu viaje!.<\/div><\/div><\/div><!-- .wpforms-field-container --><div class=\"wpforms-submit-container\" ><input type=\"hidden\" name=\"wpforms[id]\" value=\"621\"><input type=\"hidden\" name=\"wpforms[author]\" value=\"1\"><button type=\"submit\" name=\"wpforms[submit]\" id=\"wpforms-submit-621\" class=\"wpforms-submit\" data-alt-text=\"Enviando...\" data-submit-text=\"Enviar\" aria-live=\"assertive\" value=\"wpforms-submit\">Enviar<\/button><img loading=\"lazy\" decoding=\"async\" src=\"https:\/\/yokue.net\/wp-content\/plugins\/wpforms\/assets\/images\/submit-spin.svg\" class=\"wpforms-submit-spinner\" style=\"display: none;\" width=\"26\" height=\"26\" alt=\"Loading\" data-no-translation-alt=\"\"><\/div><input type=\"hidden\" name=\"trp-form-language\" value=\"en\"\/><\/form><\/div>  <!-- .wpforms-container -->\t\t<\/div>\n\t\t\t\t<\/div>\n\t\t\t\t\t<\/div>\n\t\t<\/div>\n\t\t\t\t\t\t\t<\/div>\n\t\t<\/section>\n\t\t\t\t\t\t\t<\/div>","protected":false},"excerpt":{"rendered":"<p>Planea tu Viaje<\/p>","protected":false},"author":1,"featured_media":0,"parent":0,"menu_order":0,"comment_status":"closed","ping_status":"closed","template":"","meta":{"footnotes":""},"class_list":["post-631","page","type-page","status-publish","hentry"],"_links":{"self":[{"href":"https:\/\/yokue.net\/en\/wp-json\/wp\/v2\/pages\/631"}],"collection":[{"href":"https:\/\/yokue.net\/en\/wp-json\/wp\/v2\/pages"}],"about":[{"href":"https:\/\/yokue.net\/en\/wp-json\/wp\/v2\/types\/page"}],"author":[{"embeddable":true,"href":"https:\/\/yokue.net\/en\/wp-json\/wp\/v2\/users\/1"}],"replies":[{"embeddable":true,"href":"https:\/\/yokue.net\/en\/wp-json\/wp\/v2\/comments?post=631"}],"version-history":[{"count":5,"href":"https:\/\/yokue.net\/en\/wp-json\/wp\/v2\/pages\/631\/revisions"}],"predecessor-version":[{"id":637,"href":"https:\/\/yokue.net\/en\/wp-json\/wp\/v2\/pages\/631\/revisions\/637"}],"wp:attachment":[{"href":"https:\/\/yokue.net\/en\/wp-json\/wp\/v2\/media?parent=631"}],"curies":[{"name":"wp","href":"https:\/\/api.w.org\/{rel}","templated":true}]}}