{"id":1702,"date":"2025-01-25T17:48:53","date_gmt":"2025-01-25T23:48:53","guid":{"rendered":"https:\/\/yokue.net\/?page_id=1702"},"modified":"2025-02-01T11:52:00","modified_gmt":"2025-02-01T17:52:00","slug":"hospedaje-en-hotel-casa-turire","status":"publish","type":"page","link":"https:\/\/yokue.net\/en\/hospedaje-en-hotel-casa-turire\/","title":{"rendered":"Hospedaje en Hotel Casa Turire"},"content":{"rendered":"<div data-elementor-type=\"wp-page\" data-elementor-id=\"1702\" class=\"elementor elementor-1702\" data-elementor-post-type=\"page\">\n\t\t\t\t\t\t\t\t\t<section class=\"elementor-section elementor-top-section elementor-element elementor-element-7abd178 elementor-section-boxed elementor-section-height-default elementor-section-height-default\" data-id=\"7abd178\" data-element_type=\"section\">\n\t\t\t\t\t\t<div class=\"elementor-container elementor-column-gap-default\">\n\t\t\t\t\t<div class=\"elementor-column elementor-col-33 elementor-top-column elementor-element elementor-element-fd56bc4\" data-id=\"fd56bc4\" data-element_type=\"column\">\n\t\t\t<div class=\"elementor-widget-wrap elementor-element-populated\">\n\t\t\t\t\t\t\t\t<div class=\"elementor-element elementor-element-21d6993 elementor-widget elementor-widget-html\" data-id=\"21d6993\" data-element_type=\"widget\" data-widget_type=\"html.default\">\n\t\t\t\t<div class=\"elementor-widget-container\">\n\t\t\t<iframe src=\"https:\/\/www.google.com\/maps\/embed?pb=!1m18!1m12!1m3!1d3930.8498448847154!2d-83.64798112614132!3d9.862962275380161!2m3!1f0!2f0!3f0!3m2!1i1024!2i768!4f13.1!3m3!1m2!1s0x8fa0d69b084d750d%3A0x82a3a01aa028cdb9!2sHotel%20Casa%20Turire!5e0!3m2!1ses!2scr!4v1737849164897!5m2!1ses!2scr\" width=\"250\" height=\"200\" style=\"border:0;\" allowfullscreen=\"\" loading=\"lazy\" referrerpolicy=\"no-referrer-when-downgrade\"><\/iframe>\t\t<\/div>\n\t\t\t\t<\/div>\n\t\t\t\t\t<\/div>\n\t\t<\/div>\n\t\t\t\t<div class=\"elementor-column elementor-col-66 elementor-top-column elementor-element elementor-element-6576fa2\" data-id=\"6576fa2\" data-element_type=\"column\">\n\t\t\t<div class=\"elementor-widget-wrap elementor-element-populated\">\n\t\t\t\t\t\t\t\t<div class=\"elementor-element elementor-element-0c35fad elementor-widget elementor-widget-text-editor\" data-id=\"0c35fad\" data-element_type=\"widget\" data-widget_type=\"text-editor.default\">\n\t\t\t\t<div class=\"elementor-widget-container\">\n\t\t\t<style>\/*! elementor - v3.14.0 - 18-06-2023 *\/\n.elementor-widget-text-editor.elementor-drop-cap-view-stacked .elementor-drop-cap{background-color:#69727d;color:#fff}.elementor-widget-text-editor.elementor-drop-cap-view-framed .elementor-drop-cap{color:#69727d;border:3px solid;background-color:transparent}.elementor-widget-text-editor:not(.elementor-drop-cap-view-default) .elementor-drop-cap{margin-top:8px}.elementor-widget-text-editor:not(.elementor-drop-cap-view-default) .elementor-drop-cap-letter{width:1em;height:1em}.elementor-widget-text-editor .elementor-drop-cap{float:left;text-align:center;line-height:1;font-size:50px}.elementor-widget-text-editor .elementor-drop-cap-letter{display:inline-block}<\/style>\t\t\t\t<p style=\"text-align: justify;\">El inigualable ambiente de Hotel Casa Turire invita a sus hu\u00e9spedes a disfrutar del glamour y la elegancia de un hotel boutique de decoraci\u00f3n colonial.\u00a0Ofrece a sus visitantes el encanto de un ex\u00f3tico paisaje tropical, la atenci\u00f3n personalizada del dedicado personal biling\u00fce y los toques especiales que se encuentran en los hoteles de lujo en Costa Rica.\u00a0 Est\u00e1 ubicado a solo unos minutos a las afueras de la ciudad rural de Turrialba y, a solo minutos del majestuoso volc\u00e1n Turrialba, as\u00ed como de la exuberante selva tropical y los r\u00edos pr\u00edstinos que se encuentran solo en esta zona \u00fanica de Costa Rica.<\/p>\t\t\t\t\t\t<\/div>\n\t\t\t\t<\/div>\n\t\t\t\t\t<\/div>\n\t\t<\/div>\n\t\t\t\t\t\t\t<\/div>\n\t\t<\/section>\n\t\t\t\t<section class=\"elementor-section elementor-top-section elementor-element elementor-element-c0ba18a elementor-section-boxed elementor-section-height-default elementor-section-height-default\" data-id=\"c0ba18a\" data-element_type=\"section\">\n\t\t\t\t\t\t<div class=\"elementor-container elementor-column-gap-default\">\n\t\t\t\t\t<div class=\"elementor-column elementor-col-50 elementor-top-column elementor-element elementor-element-85bfea4\" data-id=\"85bfea4\" data-element_type=\"column\">\n\t\t\t<div class=\"elementor-widget-wrap elementor-element-populated\">\n\t\t\t\t\t\t\t\t<div class=\"elementor-element elementor-element-444a5eb elementor-widget__width-initial elementor-widget elementor-widget-image\" data-id=\"444a5eb\" data-element_type=\"widget\" data-widget_type=\"image.default\">\n\t\t\t\t<div class=\"elementor-widget-container\">\n\t\t\t<style>\/*! elementor - v3.14.0 - 18-06-2023 *\/\n.elementor-widget-image{text-align:center}.elementor-widget-image a{display:inline-block}.elementor-widget-image a img[src$=\".svg\"]{width:48px}.elementor-widget-image img{vertical-align:middle;display:inline-block}<\/style>\t\t\t\t\t\t\t\t\t\t\t\t<img loading=\"lazy\" decoding=\"async\" width=\"150\" height=\"150\" src=\"https:\/\/yokue.net\/wp-content\/uploads\/2025\/01\/Habitaciones-150x150-Producto.png\" class=\"attachment-thumbnail size-thumbnail wp-image-1731\" alt=\"Habitaci\u00f3n Est\u00e1ndar Deluxe\" srcset=\"https:\/\/yokue.net\/wp-content\/uploads\/2025\/01\/Habitaciones-150x150-Producto.png 150w, https:\/\/yokue.net\/wp-content\/uploads\/2025\/01\/Habitaciones-150x150-Producto-12x12.png 12w, https:\/\/yokue.net\/wp-content\/uploads\/2025\/01\/Habitaciones-150x150-Producto-100x100.png 100w\" sizes=\"(max-width: 150px) 100vw, 150px\" \/>\t\t\t\t\t\t\t\t\t\t\t\t\t\t\t<\/div>\n\t\t\t\t<\/div>\n\t\t\t\t\t<\/div>\n\t\t<\/div>\n\t\t\t\t<div class=\"elementor-column elementor-col-50 elementor-top-column elementor-element elementor-element-e4499da\" data-id=\"e4499da\" data-element_type=\"column\">\n\t\t\t<div class=\"elementor-widget-wrap elementor-element-populated\">\n\t\t\t\t\t\t\t\t<div class=\"elementor-element elementor-element-e7bd092 elementor-widget elementor-widget-text-editor\" data-id=\"e7bd092\" data-element_type=\"widget\" data-widget_type=\"text-editor.default\">\n\t\t\t\t<div class=\"elementor-widget-container\">\n\t\t\t\t\t\t\t<p style=\"text-align: justify;\"><strong>Habitaci\u00f3n Est\u00e1ndar Deluxe Queen<\/strong>. Las habitaciones Est\u00e1ndar Deluxe (Queen \/ King) cuentan con dos camas tama\u00f1o queen o una cama king size. Elegantemente decoradas para reflejar el paisaje tropical natural que rodea el Hotel Casa Turire. Las encantadoras vistas de los jardines o el \u00e1rea de la piscina brindan a los hu\u00e9spedes la opci\u00f3n de relajarse y sumergirse en las monta\u00f1as de los alrededores. Con amplio espacio para trabajar, leer o simplemente relajarse.<\/p>\t\t\t\t\t\t<\/div>\n\t\t\t\t<\/div>\n\t\t\t\t<div class=\"elementor-element elementor-element-a5f516a elementor-widget__width-initial elementor-align-left elementor-widget elementor-widget-button\" data-id=\"a5f516a\" data-element_type=\"widget\" data-widget_type=\"button.default\">\n\t\t\t\t<div class=\"elementor-widget-container\">\n\t\t\t\t\t<div class=\"elementor-button-wrapper\">\n\t\t\t<a class=\"elementor-button elementor-button-link elementor-size-xs\" href=\"https:\/\/yokue.net\/booknow\/habitacion-estandar-deluxe-queen\/\">\n\t\t\t\t\t\t<span class=\"elementor-button-content-wrapper\">\n\t\t\t\t\t\t<span class=\"elementor-button-text\">Reserva Aqu\u00ed<\/span>\n\t\t<\/span>\n\t\t\t\t\t<\/a>\n\t\t<\/div>\n\t\t\t\t<\/div>\n\t\t\t\t<\/div>\n\t\t\t\t\t<\/div>\n\t\t<\/div>\n\t\t\t\t\t\t\t<\/div>\n\t\t<\/section>\n\t\t\t\t<section class=\"elementor-section elementor-top-section elementor-element elementor-element-df786ad elementor-section-boxed elementor-section-height-default elementor-section-height-default\" data-id=\"df786ad\" data-element_type=\"section\">\n\t\t\t\t\t\t<div class=\"elementor-container elementor-column-gap-default\">\n\t\t\t\t\t<div class=\"elementor-column elementor-col-50 elementor-top-column elementor-element elementor-element-574e81f\" data-id=\"574e81f\" data-element_type=\"column\">\n\t\t\t<div class=\"elementor-widget-wrap elementor-element-populated\">\n\t\t\t\t\t\t\t\t<div class=\"elementor-element elementor-element-f8f142e elementor-widget__width-initial elementor-widget elementor-widget-image\" data-id=\"f8f142e\" data-element_type=\"widget\" data-widget_type=\"image.default\">\n\t\t\t\t<div class=\"elementor-widget-container\">\n\t\t\t\t\t\t\t\t\t\t\t\t\t\t\t<img loading=\"lazy\" decoding=\"async\" width=\"150\" height=\"150\" src=\"https:\/\/yokue.net\/wp-content\/uploads\/2025\/01\/Habitacion-Deluxe-King-150x150-1.png\" class=\"attachment-thumbnail size-thumbnail wp-image-1745\" alt=\"Habitaci\u00f3n Deluxe King\" srcset=\"https:\/\/yokue.net\/wp-content\/uploads\/2025\/01\/Habitacion-Deluxe-King-150x150-1.png 150w, https:\/\/yokue.net\/wp-content\/uploads\/2025\/01\/Habitacion-Deluxe-King-150x150-1-12x12.png 12w, https:\/\/yokue.net\/wp-content\/uploads\/2025\/01\/Habitacion-Deluxe-King-150x150-1-100x100.png 100w\" sizes=\"(max-width: 150px) 100vw, 150px\" \/>\t\t\t\t\t\t\t\t\t\t\t\t\t\t\t<\/div>\n\t\t\t\t<\/div>\n\t\t\t\t\t<\/div>\n\t\t<\/div>\n\t\t\t\t<div class=\"elementor-column elementor-col-50 elementor-top-column elementor-element elementor-element-0d76514\" data-id=\"0d76514\" data-element_type=\"column\">\n\t\t\t<div class=\"elementor-widget-wrap elementor-element-populated\">\n\t\t\t\t\t\t\t\t<div class=\"elementor-element elementor-element-f120520 elementor-widget elementor-widget-text-editor\" data-id=\"f120520\" data-element_type=\"widget\" data-widget_type=\"text-editor.default\">\n\t\t\t\t<div class=\"elementor-widget-container\">\n\t\t\t\t\t\t\t<p style=\"text-align: justify;\"><strong>Habitaci\u00f3n Est\u00e1ndar Deluxe King<\/strong>. Las habitaciones Est\u00e1ndar Deluxe (Queen \/ King) cuentan con dos camas tama\u00f1o queen o una cama king size. Elegantemente decoradas para reflejar el paisaje tropical natural que rodea el Hotel Casa Turire. Las encantadoras vistas de los jardines o el \u00e1rea de la piscina brindan a los hu\u00e9spedes la opci\u00f3n de relajarse y sumergirse en las monta\u00f1as de los alrededores. Con amplio espacio para trabajar, leer o simplemente relajarse.<\/p>\t\t\t\t\t\t<\/div>\n\t\t\t\t<\/div>\n\t\t\t\t<div class=\"elementor-element elementor-element-6b1f1f2 elementor-widget__width-initial elementor-align-left elementor-widget elementor-widget-button\" data-id=\"6b1f1f2\" data-element_type=\"widget\" data-widget_type=\"button.default\">\n\t\t\t\t<div class=\"elementor-widget-container\">\n\t\t\t\t\t<div class=\"elementor-button-wrapper\">\n\t\t\t<a class=\"elementor-button elementor-button-link elementor-size-xs\" href=\"https:\/\/yokue.net\/booknow\/habitacion-estandar-deluxe-king\/\">\n\t\t\t\t\t\t<span class=\"elementor-button-content-wrapper\">\n\t\t\t\t\t\t<span class=\"elementor-button-text\">Reserva Aqu\u00ed<\/span>\n\t\t<\/span>\n\t\t\t\t\t<\/a>\n\t\t<\/div>\n\t\t\t\t<\/div>\n\t\t\t\t<\/div>\n\t\t\t\t\t<\/div>\n\t\t<\/div>\n\t\t\t\t\t\t\t<\/div>\n\t\t<\/section>\n\t\t\t\t<section class=\"elementor-section elementor-top-section elementor-element elementor-element-60c4bdd elementor-section-boxed elementor-section-height-default elementor-section-height-default\" data-id=\"60c4bdd\" data-element_type=\"section\">\n\t\t\t\t\t\t<div class=\"elementor-container elementor-column-gap-default\">\n\t\t\t\t\t<div class=\"elementor-column elementor-col-50 elementor-top-column elementor-element elementor-element-b1fd54e\" data-id=\"b1fd54e\" data-element_type=\"column\">\n\t\t\t<div class=\"elementor-widget-wrap elementor-element-populated\">\n\t\t\t\t\t\t\t\t<div class=\"elementor-element elementor-element-bb1a0ed elementor-widget__width-initial elementor-widget elementor-widget-image\" data-id=\"bb1a0ed\" data-element_type=\"widget\" data-widget_type=\"image.default\">\n\t\t\t\t<div class=\"elementor-widget-container\">\n\t\t\t\t\t\t\t\t\t\t\t\t\t\t\t<img loading=\"lazy\" decoding=\"async\" width=\"150\" height=\"150\" src=\"https:\/\/yokue.net\/wp-content\/uploads\/2025\/02\/Habitacion-Suite-150x150-1.png\" class=\"attachment-thumbnail size-thumbnail wp-image-1757\" alt=\"\" srcset=\"https:\/\/yokue.net\/wp-content\/uploads\/2025\/02\/Habitacion-Suite-150x150-1.png 150w, https:\/\/yokue.net\/wp-content\/uploads\/2025\/02\/Habitacion-Suite-150x150-1-12x12.png 12w, https:\/\/yokue.net\/wp-content\/uploads\/2025\/02\/Habitacion-Suite-150x150-1-100x100.png 100w\" sizes=\"(max-width: 150px) 100vw, 150px\" \/>\t\t\t\t\t\t\t\t\t\t\t\t\t\t\t<\/div>\n\t\t\t\t<\/div>\n\t\t\t\t\t<\/div>\n\t\t<\/div>\n\t\t\t\t<div class=\"elementor-column elementor-col-50 elementor-top-column elementor-element elementor-element-37da347\" data-id=\"37da347\" data-element_type=\"column\">\n\t\t\t<div class=\"elementor-widget-wrap elementor-element-populated\">\n\t\t\t\t\t\t\t\t<div class=\"elementor-element elementor-element-f25ceef elementor-widget elementor-widget-text-editor\" data-id=\"f25ceef\" data-element_type=\"widget\" data-widget_type=\"text-editor.default\">\n\t\t\t\t<div class=\"elementor-widget-container\">\n\t\t\t\t\t\t\t<p style=\"text-align: justify;\"><strong>Habitaci\u00f3n Suite<\/strong>. Las habitaciones suite tienen nombres \u00fanicos tomados de las flores ex\u00f3ticas que se encuentran en los jardines del Hotel Casa Turire. Suite Orqu\u00eddeas, Suite Anturios y Suite Ave de Para\u00edso. Las amplias habitaciones ofrecen lo \u00faltimo en comodidad con una cama king size.<\/p>\t\t\t\t\t\t<\/div>\n\t\t\t\t<\/div>\n\t\t\t\t<div class=\"elementor-element elementor-element-923b02a elementor-widget__width-initial elementor-align-left elementor-widget elementor-widget-button\" data-id=\"923b02a\" data-element_type=\"widget\" data-widget_type=\"button.default\">\n\t\t\t\t<div class=\"elementor-widget-container\">\n\t\t\t\t\t<div class=\"elementor-button-wrapper\">\n\t\t\t<a class=\"elementor-button elementor-button-link elementor-size-xs\" href=\"https:\/\/yokue.net\/booknow\/habitacion-suite\/\">\n\t\t\t\t\t\t<span class=\"elementor-button-content-wrapper\">\n\t\t\t\t\t\t<span class=\"elementor-button-text\">Reserva Aqu\u00ed<\/span>\n\t\t<\/span>\n\t\t\t\t\t<\/a>\n\t\t<\/div>\n\t\t\t\t<\/div>\n\t\t\t\t<\/div>\n\t\t\t\t\t<\/div>\n\t\t<\/div>\n\t\t\t\t\t\t\t<\/div>\n\t\t<\/section>\n\t\t\t\t<section class=\"elementor-section elementor-top-section elementor-element elementor-element-1a74866 elementor-section-boxed elementor-section-height-default elementor-section-height-default\" data-id=\"1a74866\" data-element_type=\"section\">\n\t\t\t\t\t\t<div class=\"elementor-container elementor-column-gap-default\">\n\t\t\t\t\t<div class=\"elementor-column elementor-col-50 elementor-top-column elementor-element elementor-element-34be8d8\" data-id=\"34be8d8\" data-element_type=\"column\">\n\t\t\t<div class=\"elementor-widget-wrap elementor-element-populated\">\n\t\t\t\t\t\t\t\t<div class=\"elementor-element elementor-element-7b0cb6a elementor-widget__width-initial elementor-widget elementor-widget-image\" data-id=\"7b0cb6a\" data-element_type=\"widget\" data-widget_type=\"image.default\">\n\t\t\t\t<div class=\"elementor-widget-container\">\n\t\t\t\t\t\t\t\t\t\t\t\t\t\t\t<img loading=\"lazy\" decoding=\"async\" width=\"150\" height=\"150\" src=\"https:\/\/yokue.net\/wp-content\/uploads\/2025\/02\/Habitacion-Master-Suite-150x150-1.png\" class=\"attachment-thumbnail size-thumbnail wp-image-1771\" alt=\"\" srcset=\"https:\/\/yokue.net\/wp-content\/uploads\/2025\/02\/Habitacion-Master-Suite-150x150-1.png 150w, https:\/\/yokue.net\/wp-content\/uploads\/2025\/02\/Habitacion-Master-Suite-150x150-1-12x12.png 12w, https:\/\/yokue.net\/wp-content\/uploads\/2025\/02\/Habitacion-Master-Suite-150x150-1-100x100.png 100w\" sizes=\"(max-width: 150px) 100vw, 150px\" \/>\t\t\t\t\t\t\t\t\t\t\t\t\t\t\t<\/div>\n\t\t\t\t<\/div>\n\t\t\t\t\t<\/div>\n\t\t<\/div>\n\t\t\t\t<div class=\"elementor-column elementor-col-50 elementor-top-column elementor-element elementor-element-8346b19\" data-id=\"8346b19\" data-element_type=\"column\">\n\t\t\t<div class=\"elementor-widget-wrap elementor-element-populated\">\n\t\t\t\t\t\t\t\t<div class=\"elementor-element elementor-element-22b2e7b elementor-widget elementor-widget-text-editor\" data-id=\"22b2e7b\" data-element_type=\"widget\" data-widget_type=\"text-editor.default\">\n\t\t\t\t<div class=\"elementor-widget-container\">\n\t\t\t\t\t\t\t<p style=\"text-align: justify;\"><strong>Habitaci\u00f3n Master Suite<\/strong>. La habitaci\u00f3n suite principal es una habitaci\u00f3n espectacular. La suite est\u00e1 dise\u00f1ada para reflejar un apartamento de lujo de dos pisos con una impresionante vista panor\u00e1mica de la entrada de la propiedad, bellamente bordeada por palmeras reales. La suite principal ofrece un entorno maravilloso para recargar y restaurar su energ\u00eda despu\u00e9s de explorar el Volc\u00e1n Turrialba o el rafting en el r\u00edo Pacuare.<\/p>\t\t\t\t\t\t<\/div>\n\t\t\t\t<\/div>\n\t\t\t\t<div class=\"elementor-element elementor-element-99bc1c7 elementor-widget__width-initial elementor-align-left elementor-widget elementor-widget-button\" data-id=\"99bc1c7\" data-element_type=\"widget\" data-widget_type=\"button.default\">\n\t\t\t\t<div class=\"elementor-widget-container\">\n\t\t\t\t\t<div class=\"elementor-button-wrapper\">\n\t\t\t<a class=\"elementor-button elementor-button-link elementor-size-xs\" href=\"https:\/\/yokue.net\/booknow\/habitacion-master-suite\/\">\n\t\t\t\t\t\t<span class=\"elementor-button-content-wrapper\">\n\t\t\t\t\t\t<span class=\"elementor-button-text\">Reserva Aqu\u00ed<\/span>\n\t\t<\/span>\n\t\t\t\t\t<\/a>\n\t\t<\/div>\n\t\t\t\t<\/div>\n\t\t\t\t<\/div>\n\t\t\t\t\t<\/div>\n\t\t<\/div>\n\t\t\t\t\t\t\t<\/div>\n\t\t<\/section>\n\t\t\t\t\t\t\t<\/div>","protected":false},"excerpt":{"rendered":"<p>El inigualable ambiente de Hotel Casa Turire invita a sus hu\u00e9spedes a disfrutar del glamour y la elegancia de un hotel boutique de decoraci\u00f3n colonial.\u00a0Ofrece a sus visitantes el encanto de un ex\u00f3tico paisaje tropical, la atenci\u00f3n personalizada del dedicado personal biling\u00fce y los toques especiales que se encuentran en los hoteles de lujo en [&hellip;]<\/p>","protected":false},"author":2,"featured_media":0,"parent":0,"menu_order":0,"comment_status":"closed","ping_status":"closed","template":"","meta":{"footnotes":""},"class_list":["post-1702","page","type-page","status-publish","hentry"],"_links":{"self":[{"href":"https:\/\/yokue.net\/en\/wp-json\/wp\/v2\/pages\/1702"}],"collection":[{"href":"https:\/\/yokue.net\/en\/wp-json\/wp\/v2\/pages"}],"about":[{"href":"https:\/\/yokue.net\/en\/wp-json\/wp\/v2\/types\/page"}],"author":[{"embeddable":true,"href":"https:\/\/yokue.net\/en\/wp-json\/wp\/v2\/users\/2"}],"replies":[{"embeddable":true,"href":"https:\/\/yokue.net\/en\/wp-json\/wp\/v2\/comments?post=1702"}],"version-history":[{"count":31,"href":"https:\/\/yokue.net\/en\/wp-json\/wp\/v2\/pages\/1702\/revisions"}],"predecessor-version":[{"id":1774,"href":"https:\/\/yokue.net\/en\/wp-json\/wp\/v2\/pages\/1702\/revisions\/1774"}],"wp:attachment":[{"href":"https:\/\/yokue.net\/en\/wp-json\/wp\/v2\/media?parent=1702"}],"curies":[{"name":"wp","href":"https:\/\/api.w.org\/{rel}","templated":true}]}}