{"id":1693,"date":"2025-01-25T17:31:41","date_gmt":"2025-01-25T23:31:41","guid":{"rendered":"https:\/\/yokue.net\/?page_id=1693"},"modified":"2025-02-03T20:17:37","modified_gmt":"2025-02-04T02:17:37","slug":"destinos-de-hospedaje-en-cartago","status":"publish","type":"page","link":"https:\/\/yokue.net\/en\/destinos-de-hospedaje-en-cartago\/","title":{"rendered":"Destinos de hospedaje en Cartago"},"content":{"rendered":"<div data-elementor-type=\"wp-page\" data-elementor-id=\"1693\" class=\"elementor elementor-1693\" data-elementor-post-type=\"page\">\n\t\t\t\t\t\t\t\t\t<section class=\"elementor-section elementor-top-section elementor-element elementor-element-458f880 elementor-section-boxed elementor-section-height-default elementor-section-height-default\" data-id=\"458f880\" data-element_type=\"section\">\n\t\t\t\t\t\t<div class=\"elementor-container elementor-column-gap-default\">\n\t\t\t\t\t<div class=\"elementor-column elementor-col-33 elementor-top-column elementor-element elementor-element-5990429\" data-id=\"5990429\" data-element_type=\"column\">\n\t\t\t<div class=\"elementor-widget-wrap elementor-element-populated\">\n\t\t\t\t\t\t\t\t<div class=\"elementor-element elementor-element-c50f711 elementor-widget elementor-widget-image\" data-id=\"c50f711\" data-element_type=\"widget\" data-widget_type=\"image.default\">\n\t\t\t\t<div class=\"elementor-widget-container\">\n\t\t\t<style>\/*! elementor - v3.14.0 - 18-06-2023 *\/\n.elementor-widget-image{text-align:center}.elementor-widget-image a{display:inline-block}.elementor-widget-image a img[src$=\".svg\"]{width:48px}.elementor-widget-image img{vertical-align:middle;display:inline-block}<\/style>\t\t\t\t\t\t\t\t\t\t\t\t\t<a href=\"https:\/\/yokue.net\/hospedaje-en-hotel-hacienda-guachipelin\/\">\n\t\t\t\t\t\t\t<img loading=\"lazy\" decoding=\"async\" width=\"768\" height=\"644\" src=\"https:\/\/yokue.net\/wp-content\/uploads\/2025\/02\/Logo-Hotel-Casa-Turire-768x644.png\" class=\"attachment-medium_large size-medium_large wp-image-1805\" alt=\"Logo Hotel Casa Turire\" srcset=\"https:\/\/yokue.net\/wp-content\/uploads\/2025\/02\/Logo-Hotel-Casa-Turire-768x644.png 768w, https:\/\/yokue.net\/wp-content\/uploads\/2025\/02\/Logo-Hotel-Casa-Turire-300x251.png 300w, https:\/\/yokue.net\/wp-content\/uploads\/2025\/02\/Logo-Hotel-Casa-Turire-14x12.png 14w, https:\/\/yokue.net\/wp-content\/uploads\/2025\/02\/Logo-Hotel-Casa-Turire-600x503.png 600w, https:\/\/yokue.net\/wp-content\/uploads\/2025\/02\/Logo-Hotel-Casa-Turire.png 940w\" sizes=\"(max-width: 768px) 100vw, 768px\" \/>\t\t\t\t\t\t\t\t<\/a>\n\t\t\t\t\t\t\t\t\t\t\t\t\t\t\t<\/div>\n\t\t\t\t<\/div>\n\t\t\t\t\t<\/div>\n\t\t<\/div>\n\t\t\t\t<div class=\"elementor-column elementor-col-66 elementor-top-column elementor-element elementor-element-835ace5\" data-id=\"835ace5\" data-element_type=\"column\">\n\t\t\t<div class=\"elementor-widget-wrap elementor-element-populated\">\n\t\t\t\t\t\t\t\t<div class=\"elementor-element elementor-element-6a0af2c elementor-widget elementor-widget-text-editor\" data-id=\"6a0af2c\" data-element_type=\"widget\" data-widget_type=\"text-editor.default\">\n\t\t\t\t<div class=\"elementor-widget-container\">\n\t\t\t<style>\/*! elementor - v3.14.0 - 18-06-2023 *\/\n.elementor-widget-text-editor.elementor-drop-cap-view-stacked .elementor-drop-cap{background-color:#69727d;color:#fff}.elementor-widget-text-editor.elementor-drop-cap-view-framed .elementor-drop-cap{color:#69727d;border:3px solid;background-color:transparent}.elementor-widget-text-editor:not(.elementor-drop-cap-view-default) .elementor-drop-cap{margin-top:8px}.elementor-widget-text-editor:not(.elementor-drop-cap-view-default) .elementor-drop-cap-letter{width:1em;height:1em}.elementor-widget-text-editor .elementor-drop-cap{float:left;text-align:center;line-height:1;font-size:50px}.elementor-widget-text-editor .elementor-drop-cap-letter{display:inline-block}<\/style>\t\t\t\t<p style=\"text-align: justify;\"><a href=\"https:\/\/yokue.net\/hospedaje-en-hotel-casa-turire\/\"><strong>Hotel Casa Turire<\/strong><\/a>.\u00a0<\/p><p style=\"text-align: justify;\">El inigualable ambiente de Hotel Casa Turire invita a sus hu\u00e9spedes a disfrutar del glamour y la elegancia de un hotel boutique de decoraci\u00f3n colonial.\u00a0Ofrece a sus visitantes el encanto de un ex\u00f3tico paisaje tropical, la atenci\u00f3n personalizada del dedicado personal biling\u00fce y los toques especiales que se encuentran en los hoteles de lujo en Costa Rica.\u00a0 Est\u00e1 ubicado a solo unos minutos a las afueras de la ciudad rural de Turrialba y, a solo minutos del majestuoso volc\u00e1n Turrialba, as\u00ed como de la exuberante selva tropical y los r\u00edos pr\u00edstinos que se encuentran solo en esta zona \u00fanica de Costa Rica.<\/p>\t\t\t\t\t\t<\/div>\n\t\t\t\t<\/div>\n\t\t\t\t\t<\/div>\n\t\t<\/div>\n\t\t\t\t\t\t\t<\/div>\n\t\t<\/section>\n\t\t\t\t\t\t\t<\/div>","protected":false},"excerpt":{"rendered":"<p>Hotel Casa Turire.\u00a0 El inigualable ambiente de Hotel Casa Turire invita a sus hu\u00e9spedes a disfrutar del glamour y la elegancia de un hotel boutique de decoraci\u00f3n colonial.\u00a0Ofrece a sus visitantes el encanto de un ex\u00f3tico paisaje tropical, la atenci\u00f3n personalizada del dedicado personal biling\u00fce y los toques especiales que se encuentran en los hoteles [&hellip;]<\/p>","protected":false},"author":2,"featured_media":0,"parent":0,"menu_order":0,"comment_status":"closed","ping_status":"closed","template":"","meta":{"footnotes":""},"class_list":["post-1693","page","type-page","status-publish","hentry"],"_links":{"self":[{"href":"https:\/\/yokue.net\/en\/wp-json\/wp\/v2\/pages\/1693"}],"collection":[{"href":"https:\/\/yokue.net\/en\/wp-json\/wp\/v2\/pages"}],"about":[{"href":"https:\/\/yokue.net\/en\/wp-json\/wp\/v2\/types\/page"}],"author":[{"embeddable":true,"href":"https:\/\/yokue.net\/en\/wp-json\/wp\/v2\/users\/2"}],"replies":[{"embeddable":true,"href":"https:\/\/yokue.net\/en\/wp-json\/wp\/v2\/comments?post=1693"}],"version-history":[{"count":16,"href":"https:\/\/yokue.net\/en\/wp-json\/wp\/v2\/pages\/1693\/revisions"}],"predecessor-version":[{"id":1808,"href":"https:\/\/yokue.net\/en\/wp-json\/wp\/v2\/pages\/1693\/revisions\/1808"}],"wp:attachment":[{"href":"https:\/\/yokue.net\/en\/wp-json\/wp\/v2\/media?parent=1693"}],"curies":[{"name":"wp","href":"https:\/\/api.w.org\/{rel}","templated":true}]}}