{"id":1277,"date":"2024-12-26T22:34:01","date_gmt":"2024-12-27T04:34:01","guid":{"rendered":"https:\/\/yokue.net\/carrito\/"},"modified":"2024-12-26T22:53:24","modified_gmt":"2024-12-27T04:53:24","slug":"carrito","status":"publish","type":"page","link":"https:\/\/yokue.net\/en\/carrito\/","title":{"rendered":"Carrito de Reservas"},"content":{"rendered":"<div data-elementor-type=\"wp-page\" data-elementor-id=\"1277\" class=\"elementor elementor-1277\" data-elementor-post-type=\"page\">\n\t\t\t\t\t\t\t\t\t<section class=\"elementor-section elementor-top-section elementor-element elementor-element-2a1a2c0b elementor-section-boxed elementor-section-height-default elementor-section-height-default\" data-id=\"2a1a2c0b\" data-element_type=\"section\">\n\t\t\t\t\t\t<div class=\"elementor-container elementor-column-gap-default\">\n\t\t\t\t\t<div class=\"elementor-column elementor-col-100 elementor-top-column elementor-element elementor-element-1a7393f1\" data-id=\"1a7393f1\" data-element_type=\"column\">\n\t\t\t<div class=\"elementor-widget-wrap elementor-element-populated\">\n\t\t\t\t\t\t\t\t\t<\/div>\n\t\t<\/div>\n\t\t\t\t\t\t\t<\/div>\n\t\t<\/section>\n\t\t\t\t\t\t\t<\/div>","protected":false},"excerpt":{"rendered":"<p>Remove item Thumbnail image Producto Precio Cantidad Subtotal &times; Tour de Medio D\u00eda del Ca\u00f1\u00f3n La Fecha De La Reserva: 31 diciembre, 2024 El Momento De La Reserva: 2:00 pm Adulto: 2 Duraci\u00f3n del Tour: 4.5 Horas &#36;165,80 Tour de Medio D\u00eda del Ca\u00f1\u00f3n cantidad &#36;165,80 Aplicar cup\u00f3n Total del Carrito Subtotal &#36;165,80 Total &#36;165,80 [&hellip;]<\/p>","protected":false},"author":1,"featured_media":0,"parent":0,"menu_order":0,"comment_status":"closed","ping_status":"closed","template":"","meta":{"footnotes":""},"class_list":["post-1277","page","type-page","status-publish","hentry"],"_links":{"self":[{"href":"https:\/\/yokue.net\/en\/wp-json\/wp\/v2\/pages\/1277"}],"collection":[{"href":"https:\/\/yokue.net\/en\/wp-json\/wp\/v2\/pages"}],"about":[{"href":"https:\/\/yokue.net\/en\/wp-json\/wp\/v2\/types\/page"}],"author":[{"embeddable":true,"href":"https:\/\/yokue.net\/en\/wp-json\/wp\/v2\/users\/1"}],"replies":[{"embeddable":true,"href":"https:\/\/yokue.net\/en\/wp-json\/wp\/v2\/comments?post=1277"}],"version-history":[{"count":45,"href":"https:\/\/yokue.net\/en\/wp-json\/wp\/v2\/pages\/1277\/revisions"}],"predecessor-version":[{"id":1335,"href":"https:\/\/yokue.net\/en\/wp-json\/wp\/v2\/pages\/1277\/revisions\/1335"}],"wp:attachment":[{"href":"https:\/\/yokue.net\/en\/wp-json\/wp\/v2\/media?parent=1277"}],"curies":[{"name":"wp","href":"https:\/\/api.w.org\/{rel}","templated":true}]}}